{"id":12071,"date":"2024-02-20T21:35:36","date_gmt":"2024-02-20T20:35:36","guid":{"rendered":"https:\/\/pop-co.fr\/index.php\/product\/puzzle-e-t-je-serai-la-1000pcs\/"},"modified":"2025-07-29T10:31:49","modified_gmt":"2025-07-29T08:31:49","slug":"puzzle-e-t-je-serai-la-1000pcs","status":"publish","type":"product","link":"https:\/\/pop-co.fr\/index.php\/product\/puzzle-e-t-je-serai-la-1000pcs\/","title":{"rendered":"PUZZLE &#8211; E.T. &#8211; Je serai l\u00e0 (1000pcs)"},"content":{"rendered":"<p>Puzzle de 1000 pi\u00e8ces.rnMati\u00e8re : CartonrnDimensions : 53 x 66 cmrnLangue sur l\u2019emballage : EN    rnAge minimum : 14<\/p>\n","protected":false},"excerpt":{"rendered":"<p>Puzzle de 1000 pi\u00e8ces.rnMati\u00e8re : CartonrnDimensions : 53 x 66 cmrnLangue sur l\u2019emballage : EN rnAge minimum : 14<\/p>\n","protected":false},"featured_media":355504,"comment_status":"open","ping_status":"closed","template":"","meta":[],"product_cat":[45,39],"product_tag":[],"aioseo_notices":[],"jetpack_sharing_enabled":true,"_links":{"self":[{"href":"https:\/\/pop-co.fr\/index.php\/wp-json\/wp\/v2\/product\/12071"}],"collection":[{"href":"https:\/\/pop-co.fr\/index.php\/wp-json\/wp\/v2\/product"}],"about":[{"href":"https:\/\/pop-co.fr\/index.php\/wp-json\/wp\/v2\/types\/product"}],"replies":[{"embeddable":true,"href":"https:\/\/pop-co.fr\/index.php\/wp-json\/wp\/v2\/comments?post=12071"}],"version-history":[{"count":0,"href":"https:\/\/pop-co.fr\/index.php\/wp-json\/wp\/v2\/product\/12071\/revisions"}],"wp:featuredmedia":[{"embeddable":true,"href":"https:\/\/pop-co.fr\/index.php\/wp-json\/wp\/v2\/media\/355504"}],"wp:attachment":[{"href":"https:\/\/pop-co.fr\/index.php\/wp-json\/wp\/v2\/media?parent=12071"}],"wp:term":[{"taxonomy":"product_cat","embeddable":true,"href":"https:\/\/pop-co.fr\/index.php\/wp-json\/wp\/v2\/product_cat?post=12071"},{"taxonomy":"product_tag","embeddable":true,"href":"https:\/\/pop-co.fr\/index.php\/wp-json\/wp\/v2\/product_tag?post=12071"}],"curies":[{"name":"wp","href":"https:\/\/api.w.org\/{rel}","templated":true}]}}