{"id":12189,"date":"2024-02-20T21:37:56","date_gmt":"2024-02-20T20:37:56","guid":{"rendered":"https:\/\/pop-co.fr\/index.php\/product\/peluche-pokemon-pikachu-3\/"},"modified":"2025-06-28T15:10:38","modified_gmt":"2025-06-28T13:10:38","slug":"peluche-pokemon-pikachu-3","status":"publish","type":"product","link":"https:\/\/pop-co.fr\/index.php\/product\/peluche-pokemon-pikachu-3\/","title":{"rendered":"PELUCHE &#8211; POKEMON &#8211; Pikachu"},"content":{"rendered":"<p>Retrouvez votre Pokemon pr\u00e9f\u00e9r\u00e9 Pikachu !<br \/>\ncette peluche d&rsquo;une hauteur de 20cm vous accompagnera partout !<\/p>\n","protected":false},"excerpt":{"rendered":"<p>Retrouvez votre Pokemon pr\u00e9f\u00e9r\u00e9 Pikachu ! cette peluche d&rsquo;une hauteur de 20cm vous accompagnera partout !<\/p>\n","protected":false},"featured_media":152293,"comment_status":"open","ping_status":"closed","template":"","meta":[],"product_cat":[34,20],"product_tag":[],"aioseo_notices":[],"jetpack_sharing_enabled":true,"_links":{"self":[{"href":"https:\/\/pop-co.fr\/index.php\/wp-json\/wp\/v2\/product\/12189"}],"collection":[{"href":"https:\/\/pop-co.fr\/index.php\/wp-json\/wp\/v2\/product"}],"about":[{"href":"https:\/\/pop-co.fr\/index.php\/wp-json\/wp\/v2\/types\/product"}],"replies":[{"embeddable":true,"href":"https:\/\/pop-co.fr\/index.php\/wp-json\/wp\/v2\/comments?post=12189"}],"version-history":[{"count":0,"href":"https:\/\/pop-co.fr\/index.php\/wp-json\/wp\/v2\/product\/12189\/revisions"}],"wp:featuredmedia":[{"embeddable":true,"href":"https:\/\/pop-co.fr\/index.php\/wp-json\/wp\/v2\/media\/152293"}],"wp:attachment":[{"href":"https:\/\/pop-co.fr\/index.php\/wp-json\/wp\/v2\/media?parent=12189"}],"wp:term":[{"taxonomy":"product_cat","embeddable":true,"href":"https:\/\/pop-co.fr\/index.php\/wp-json\/wp\/v2\/product_cat?post=12189"},{"taxonomy":"product_tag","embeddable":true,"href":"https:\/\/pop-co.fr\/index.php\/wp-json\/wp\/v2\/product_tag?post=12189"}],"curies":[{"name":"wp","href":"https:\/\/api.w.org\/{rel}","templated":true}]}}