{"id":12294,"date":"2024-02-20T21:40:20","date_gmt":"2024-02-20T20:40:20","guid":{"rendered":"https:\/\/pop-co.fr\/index.php\/product\/ultra-ice-tea-one-piece-monkey-d-luffy-film-red-fruits-rouges\/"},"modified":"2025-06-28T15:12:10","modified_gmt":"2025-06-28T13:12:10","slug":"ultra-ice-tea-one-piece-monkey-d-luffy-film-red-fruits-rouges","status":"publish","type":"product","link":"https:\/\/pop-co.fr\/index.php\/product\/ultra-ice-tea-one-piece-monkey-d-luffy-film-red-fruits-rouges\/","title":{"rendered":"ULTRA ICE TEA &#8211; ONE PIECE &#8211; Monkey D Luffy film RED (fruits rouges)"},"content":{"rendered":"<p>Boisson th\u00e9 glac\u00e9 bio aux fruits rouges One Piece RED Uta 500ML <\/p>\n<p>Ingr\u00e9dients: 95% infusion ( eau, \u00e9glantier*,fleur d&rsquo;hibiscus* et pomme-menthe*), sucre*, acidifiant : acide citrique.<\/p>\n<p>*issu de l&rsquo;agriculture biologique. <\/p>\n<p>Apr\u00e8s ouverture a conserver au frais et consommer dans les 3 jours max.<\/p>\n","protected":false},"excerpt":{"rendered":"<p>Boisson th\u00e9 glac\u00e9 bio aux fruits rouges One Piece RED Uta 500ML Ingr\u00e9dients: 95% infusion ( eau, \u00e9glantier*,fleur d&rsquo;hibiscus* et pomme-menthe*), sucre*, acidifiant : acide citrique. *issu de l&rsquo;agriculture biologique. Apr\u00e8s ouverture a conserver au frais et consommer dans les 3 jours max.<\/p>\n","protected":false},"featured_media":152307,"comment_status":"open","ping_status":"closed","template":"","meta":[],"product_cat":[77],"product_tag":[],"aioseo_notices":[],"jetpack_sharing_enabled":true,"_links":{"self":[{"href":"https:\/\/pop-co.fr\/index.php\/wp-json\/wp\/v2\/product\/12294"}],"collection":[{"href":"https:\/\/pop-co.fr\/index.php\/wp-json\/wp\/v2\/product"}],"about":[{"href":"https:\/\/pop-co.fr\/index.php\/wp-json\/wp\/v2\/types\/product"}],"replies":[{"embeddable":true,"href":"https:\/\/pop-co.fr\/index.php\/wp-json\/wp\/v2\/comments?post=12294"}],"version-history":[{"count":0,"href":"https:\/\/pop-co.fr\/index.php\/wp-json\/wp\/v2\/product\/12294\/revisions"}],"wp:featuredmedia":[{"embeddable":true,"href":"https:\/\/pop-co.fr\/index.php\/wp-json\/wp\/v2\/media\/152307"}],"wp:attachment":[{"href":"https:\/\/pop-co.fr\/index.php\/wp-json\/wp\/v2\/media?parent=12294"}],"wp:term":[{"taxonomy":"product_cat","embeddable":true,"href":"https:\/\/pop-co.fr\/index.php\/wp-json\/wp\/v2\/product_cat?post=12294"},{"taxonomy":"product_tag","embeddable":true,"href":"https:\/\/pop-co.fr\/index.php\/wp-json\/wp\/v2\/product_tag?post=12294"}],"curies":[{"name":"wp","href":"https:\/\/api.w.org\/{rel}","templated":true}]}}