{"id":123993,"date":"2024-07-05T10:15:22","date_gmt":"2024-07-05T08:15:22","guid":{"rendered":"https:\/\/pop-co.fr\/index.php\/product\/sac-bandouliere-loungefly-disney-stitch-camping-cuties-hammock\/"},"modified":"2025-07-22T14:50:28","modified_gmt":"2025-07-22T12:50:28","slug":"sac-bandouliere-loungefly-disney-stitch-camping-cuties-hammock","status":"publish","type":"product","link":"https:\/\/pop-co.fr\/index.php\/product\/sac-bandouliere-loungefly-disney-stitch-camping-cuties-hammock\/","title":{"rendered":"SAC BANDOULIERE LOUNGEFLY &#8211; DISNEY &#8211; Stitch camping cuties hammock"},"content":{"rendered":"<p>Rien de tel qu\u2019une soir\u00e9e d\u00e9tente sous les \u00e9toiles ! Campez sur les c\u00f4tes tropicales des grands espaces avec le sac \u00e0 bandouli\u00e8re Loungefly Stitch Camping Cuties Hammock. Sur le devant, un hamac douillet est suspendu paresseusement aux palmiers sur les sangles du sac. Pendant que le sac bouge, regardez Stitch, Scrump et les canetons se balancer d&rsquo;avant en arri\u00e8re avec les d\u00e9tails de la corde du hamac ! La sc\u00e8ne de plage se poursuit au dos, o\u00f9 une grenouille est assise \u00e0 c\u00f4t\u00e9 d\u2019une lanterne. Ce sac offre suffisamment d&rsquo;espace pour ranger votre \u00e9quipement et constitue l&rsquo;accessoire id\u00e9al pour sortir entre amis.<br \/>\nLe sac \u00e0 bandouli\u00e8re Loungefly Stitch Camping Cuties Hammock est fabriqu\u00e9 en cuir v\u00e9g\u00e9talien (polyur\u00e9thane). Le sac a une bandouli\u00e8re r\u00e9glable et du mat\u00e9riel dor\u00e9 brillant. Les fonctionnalit\u00e9s suppl\u00e9mentaires incluent des appliques, une vraie corde et des d\u00e9tails imprim\u00e9s. Notez la doublure int\u00e9rieure coordonn\u00e9e.<br \/>\nCe sac est un produit Disney sous licence officielle.<br \/>\nDimensions du sac : 22,2 cm L x 15,2 cm H x 6,3 cm P<\/p>\n","protected":false},"excerpt":{"rendered":"<p>Rien de tel qu\u2019une soir\u00e9e d\u00e9tente sous les \u00e9toiles ! Campez sur les c\u00f4tes tropicales des grands espaces avec le sac \u00e0 bandouli\u00e8re Loungefly Stitch Camping Cuties Hammock. Sur le devant, un hamac douillet est suspendu paresseusement aux palmiers sur les sangles du sac. Pendant que le sac bouge, regardez Stitch, Scrump et les canetons [&hellip;]<\/p>\n","protected":false},"featured_media":354953,"comment_status":"open","ping_status":"closed","template":"","meta":[],"product_cat":[48,47],"product_tag":[],"aioseo_notices":[],"jetpack_sharing_enabled":true,"_links":{"self":[{"href":"https:\/\/pop-co.fr\/index.php\/wp-json\/wp\/v2\/product\/123993"}],"collection":[{"href":"https:\/\/pop-co.fr\/index.php\/wp-json\/wp\/v2\/product"}],"about":[{"href":"https:\/\/pop-co.fr\/index.php\/wp-json\/wp\/v2\/types\/product"}],"replies":[{"embeddable":true,"href":"https:\/\/pop-co.fr\/index.php\/wp-json\/wp\/v2\/comments?post=123993"}],"version-history":[{"count":0,"href":"https:\/\/pop-co.fr\/index.php\/wp-json\/wp\/v2\/product\/123993\/revisions"}],"wp:featuredmedia":[{"embeddable":true,"href":"https:\/\/pop-co.fr\/index.php\/wp-json\/wp\/v2\/media\/354953"}],"wp:attachment":[{"href":"https:\/\/pop-co.fr\/index.php\/wp-json\/wp\/v2\/media?parent=123993"}],"wp:term":[{"taxonomy":"product_cat","embeddable":true,"href":"https:\/\/pop-co.fr\/index.php\/wp-json\/wp\/v2\/product_cat?post=123993"},{"taxonomy":"product_tag","embeddable":true,"href":"https:\/\/pop-co.fr\/index.php\/wp-json\/wp\/v2\/product_tag?post=123993"}],"curies":[{"name":"wp","href":"https:\/\/api.w.org\/{rel}","templated":true}]}}