{"id":128387,"date":"2024-07-18T12:23:16","date_gmt":"2024-07-18T10:23:16","guid":{"rendered":"https:\/\/pop-co.fr\/index.php\/product\/trousse-triple-mercredi\/"},"modified":"2025-06-28T12:31:18","modified_gmt":"2025-06-28T10:31:18","slug":"trousse-triple-mercredi","status":"publish","type":"product","link":"https:\/\/pop-co.fr\/index.php\/product\/trousse-triple-mercredi\/","title":{"rendered":"TROUSSE TRIPLE &#8211; WEDNESDAY &#8211; Nevermore"},"content":{"rendered":"<p>Trousse rectangulaire \u00e0 trois compartiments pour vos affaires. \u2028\u2028Les deux poches ext\u00e9rieures s&rsquo;ouvrent avec la fermeture \u00e9clair principale et la troisi\u00e8me avec la sienne.<br \/>\nDimensions<br \/>\n7x23x11cm<\/p>\n","protected":false},"excerpt":{"rendered":"<p>Trousse rectangulaire \u00e0 trois compartiments pour vos affaires. \u2028\u2028Les deux poches ext\u00e9rieures s&rsquo;ouvrent avec la fermeture \u00e9clair principale et la troisi\u00e8me avec la sienne. Dimensions 7x23x11cm<\/p>\n","protected":false},"featured_media":345185,"comment_status":"open","ping_status":"closed","template":"","meta":[],"product_cat":[64,39],"product_tag":[],"aioseo_notices":[],"jetpack_sharing_enabled":true,"_links":{"self":[{"href":"https:\/\/pop-co.fr\/index.php\/wp-json\/wp\/v2\/product\/128387"}],"collection":[{"href":"https:\/\/pop-co.fr\/index.php\/wp-json\/wp\/v2\/product"}],"about":[{"href":"https:\/\/pop-co.fr\/index.php\/wp-json\/wp\/v2\/types\/product"}],"replies":[{"embeddable":true,"href":"https:\/\/pop-co.fr\/index.php\/wp-json\/wp\/v2\/comments?post=128387"}],"version-history":[{"count":0,"href":"https:\/\/pop-co.fr\/index.php\/wp-json\/wp\/v2\/product\/128387\/revisions"}],"wp:featuredmedia":[{"embeddable":true,"href":"https:\/\/pop-co.fr\/index.php\/wp-json\/wp\/v2\/media\/345185"}],"wp:attachment":[{"href":"https:\/\/pop-co.fr\/index.php\/wp-json\/wp\/v2\/media?parent=128387"}],"wp:term":[{"taxonomy":"product_cat","embeddable":true,"href":"https:\/\/pop-co.fr\/index.php\/wp-json\/wp\/v2\/product_cat?post=128387"},{"taxonomy":"product_tag","embeddable":true,"href":"https:\/\/pop-co.fr\/index.php\/wp-json\/wp\/v2\/product_tag?post=128387"}],"curies":[{"name":"wp","href":"https:\/\/api.w.org\/{rel}","templated":true}]}}