{"id":128436,"date":"2024-07-18T12:26:51","date_gmt":"2024-07-18T10:26:51","guid":{"rendered":"https:\/\/pop-co.fr\/index.php\/product\/trousse-mercredi-ecole-mercredi-2\/"},"modified":"2025-07-16T15:33:28","modified_gmt":"2025-07-16T13:33:28","slug":"trousse-mercredi-ecole-mercredi-2","status":"publish","type":"product","link":"https:\/\/pop-co.fr\/index.php\/product\/trousse-mercredi-ecole-mercredi-2\/","title":{"rendered":"TROUSSE &#8211; WEDNESDAY &#8211; Nevermore"},"content":{"rendered":"<p>Trousse \u00e0 profil carr\u00e9 avec un seul compartiment et fermeture zipp\u00e9e.<br \/>\nDimensions<br \/>\n5,5x21x8cm<\/p>\n","protected":false},"excerpt":{"rendered":"<p>Trousse \u00e0 profil carr\u00e9 avec un seul compartiment et fermeture zipp\u00e9e. Dimensions 5,5x21x8cm<\/p>\n","protected":false},"featured_media":354619,"comment_status":"open","ping_status":"closed","template":"","meta":[],"product_cat":[64,39],"product_tag":[],"aioseo_notices":[],"jetpack_sharing_enabled":true,"_links":{"self":[{"href":"https:\/\/pop-co.fr\/index.php\/wp-json\/wp\/v2\/product\/128436"}],"collection":[{"href":"https:\/\/pop-co.fr\/index.php\/wp-json\/wp\/v2\/product"}],"about":[{"href":"https:\/\/pop-co.fr\/index.php\/wp-json\/wp\/v2\/types\/product"}],"replies":[{"embeddable":true,"href":"https:\/\/pop-co.fr\/index.php\/wp-json\/wp\/v2\/comments?post=128436"}],"version-history":[{"count":0,"href":"https:\/\/pop-co.fr\/index.php\/wp-json\/wp\/v2\/product\/128436\/revisions"}],"wp:featuredmedia":[{"embeddable":true,"href":"https:\/\/pop-co.fr\/index.php\/wp-json\/wp\/v2\/media\/354619"}],"wp:attachment":[{"href":"https:\/\/pop-co.fr\/index.php\/wp-json\/wp\/v2\/media?parent=128436"}],"wp:term":[{"taxonomy":"product_cat","embeddable":true,"href":"https:\/\/pop-co.fr\/index.php\/wp-json\/wp\/v2\/product_cat?post=128436"},{"taxonomy":"product_tag","embeddable":true,"href":"https:\/\/pop-co.fr\/index.php\/wp-json\/wp\/v2\/product_tag?post=128436"}],"curies":[{"name":"wp","href":"https:\/\/api.w.org\/{rel}","templated":true}]}}