{"id":128905,"date":"2024-07-19T12:14:24","date_gmt":"2024-07-19T10:14:24","guid":{"rendered":"https:\/\/pop-co.fr\/index.php\/product\/porte-monnaie-fourrure-stitch\/"},"modified":"2025-07-29T12:01:48","modified_gmt":"2025-07-29T10:01:48","slug":"porte-monnaie-fourrure-stitch","status":"publish","type":"product","link":"https:\/\/pop-co.fr\/index.php\/product\/porte-monnaie-fourrure-stitch\/","title":{"rendered":"PORTE MONNAIE &#8211; DISNEY &#8211; Stitch fourrure"},"content":{"rendered":"<p>Portemonnaie Porte-Cl\u00e9s Fourrure Stitch &#8211; Adorable et Pratique<br \/>\nAjoutez une touche de mignonnerie et de praticit\u00e9 \u00e0 votre quotidien avec ce portemonnaie porte-cl\u00e9s en fourrure Stitch. Parfait pour les fans de Lilo &amp; Stitch, cet accessoire combine l&rsquo;adorabilit\u00e9 de Stitch avec la fonctionnalit\u00e9 d&rsquo;un porte-monnaie et d&rsquo;un porte-cl\u00e9s, id\u00e9al pour organiser vos petites affaires avec style.<\/p>\n","protected":false},"excerpt":{"rendered":"<p>Portemonnaie Porte-Cl\u00e9s Fourrure Stitch &#8211; Adorable et Pratique Ajoutez une touche de mignonnerie et de praticit\u00e9 \u00e0 votre quotidien avec ce portemonnaie porte-cl\u00e9s en fourrure Stitch. Parfait pour les fans de Lilo &amp; Stitch, cet accessoire combine l&rsquo;adorabilit\u00e9 de Stitch avec la fonctionnalit\u00e9 d&rsquo;un porte-monnaie et d&rsquo;un porte-cl\u00e9s, id\u00e9al pour organiser vos petites affaires avec [&hellip;]<\/p>\n","protected":false},"featured_media":356627,"comment_status":"open","ping_status":"closed","template":"","meta":[],"product_cat":[30],"product_tag":[],"aioseo_notices":[],"jetpack_sharing_enabled":true,"_links":{"self":[{"href":"https:\/\/pop-co.fr\/index.php\/wp-json\/wp\/v2\/product\/128905"}],"collection":[{"href":"https:\/\/pop-co.fr\/index.php\/wp-json\/wp\/v2\/product"}],"about":[{"href":"https:\/\/pop-co.fr\/index.php\/wp-json\/wp\/v2\/types\/product"}],"replies":[{"embeddable":true,"href":"https:\/\/pop-co.fr\/index.php\/wp-json\/wp\/v2\/comments?post=128905"}],"version-history":[{"count":1,"href":"https:\/\/pop-co.fr\/index.php\/wp-json\/wp\/v2\/product\/128905\/revisions"}],"predecessor-version":[{"id":356631,"href":"https:\/\/pop-co.fr\/index.php\/wp-json\/wp\/v2\/product\/128905\/revisions\/356631"}],"wp:featuredmedia":[{"embeddable":true,"href":"https:\/\/pop-co.fr\/index.php\/wp-json\/wp\/v2\/media\/356627"}],"wp:attachment":[{"href":"https:\/\/pop-co.fr\/index.php\/wp-json\/wp\/v2\/media?parent=128905"}],"wp:term":[{"taxonomy":"product_cat","embeddable":true,"href":"https:\/\/pop-co.fr\/index.php\/wp-json\/wp\/v2\/product_cat?post=128905"},{"taxonomy":"product_tag","embeddable":true,"href":"https:\/\/pop-co.fr\/index.php\/wp-json\/wp\/v2\/product_tag?post=128905"}],"curies":[{"name":"wp","href":"https:\/\/api.w.org\/{rel}","templated":true}]}}