{"id":128958,"date":"2024-07-19T12:19:42","date_gmt":"2024-07-19T10:19:42","guid":{"rendered":"https:\/\/pop-co.fr\/index.php\/product\/nbx-jack-sally-set-saliere-et-poivriere\/"},"modified":"2025-06-28T12:31:06","modified_gmt":"2025-06-28T10:31:06","slug":"nbx-jack-sally-set-saliere-et-poivriere","status":"publish","type":"product","link":"https:\/\/pop-co.fr\/index.php\/product\/nbx-jack-sally-set-saliere-et-poivriere\/","title":{"rendered":"SALIERE + POIVRIERE &#8211; NBX &#8211; Jack et Sally"},"content":{"rendered":"<p>Sali\u00e8res et poivri\u00e8res en c\u00e9ramique (hauteur approximative de 7 cm)<\/p>\n","protected":false},"excerpt":{"rendered":"<p>Sali\u00e8res et poivri\u00e8res en c\u00e9ramique (hauteur approximative de 7 cm)<\/p>\n","protected":false},"featured_media":191193,"comment_status":"open","ping_status":"closed","template":"","meta":[],"product_cat":[31],"product_tag":[],"aioseo_notices":[],"jetpack_sharing_enabled":true,"_links":{"self":[{"href":"https:\/\/pop-co.fr\/index.php\/wp-json\/wp\/v2\/product\/128958"}],"collection":[{"href":"https:\/\/pop-co.fr\/index.php\/wp-json\/wp\/v2\/product"}],"about":[{"href":"https:\/\/pop-co.fr\/index.php\/wp-json\/wp\/v2\/types\/product"}],"replies":[{"embeddable":true,"href":"https:\/\/pop-co.fr\/index.php\/wp-json\/wp\/v2\/comments?post=128958"}],"version-history":[{"count":0,"href":"https:\/\/pop-co.fr\/index.php\/wp-json\/wp\/v2\/product\/128958\/revisions"}],"wp:featuredmedia":[{"embeddable":true,"href":"https:\/\/pop-co.fr\/index.php\/wp-json\/wp\/v2\/media\/191193"}],"wp:attachment":[{"href":"https:\/\/pop-co.fr\/index.php\/wp-json\/wp\/v2\/media?parent=128958"}],"wp:term":[{"taxonomy":"product_cat","embeddable":true,"href":"https:\/\/pop-co.fr\/index.php\/wp-json\/wp\/v2\/product_cat?post=128958"},{"taxonomy":"product_tag","embeddable":true,"href":"https:\/\/pop-co.fr\/index.php\/wp-json\/wp\/v2\/product_tag?post=128958"}],"curies":[{"name":"wp","href":"https:\/\/api.w.org\/{rel}","templated":true}]}}