{"id":129035,"date":"2024-07-19T12:23:50","date_gmt":"2024-07-19T10:23:50","guid":{"rendered":"https:\/\/pop-co.fr\/index.php\/product\/set-de-saliere-et-poivriere-dark-vador-stormtrooper-star-wars-3\/"},"modified":"2025-06-28T12:30:59","modified_gmt":"2025-06-28T10:30:59","slug":"set-de-saliere-et-poivriere-dark-vador-stormtrooper-star-wars-3","status":"publish","type":"product","link":"https:\/\/pop-co.fr\/index.php\/product\/set-de-saliere-et-poivriere-dark-vador-stormtrooper-star-wars-3\/","title":{"rendered":"SALIERE + POIVRIERE &#8211; STAR WARS &#8211; Dark Vador et Stormtrooper"},"content":{"rendered":"<p>Sali\u00e8res et poivri\u00e8res en c\u00e9ramique (hauteur approximative de 7 cm)<\/p>\n","protected":false},"excerpt":{"rendered":"<p>Sali\u00e8res et poivri\u00e8res en c\u00e9ramique (hauteur approximative de 7 cm)<\/p>\n","protected":false},"featured_media":191202,"comment_status":"open","ping_status":"closed","template":"","meta":[],"product_cat":[43],"product_tag":[],"aioseo_notices":[],"jetpack_sharing_enabled":true,"_links":{"self":[{"href":"https:\/\/pop-co.fr\/index.php\/wp-json\/wp\/v2\/product\/129035"}],"collection":[{"href":"https:\/\/pop-co.fr\/index.php\/wp-json\/wp\/v2\/product"}],"about":[{"href":"https:\/\/pop-co.fr\/index.php\/wp-json\/wp\/v2\/types\/product"}],"replies":[{"embeddable":true,"href":"https:\/\/pop-co.fr\/index.php\/wp-json\/wp\/v2\/comments?post=129035"}],"version-history":[{"count":0,"href":"https:\/\/pop-co.fr\/index.php\/wp-json\/wp\/v2\/product\/129035\/revisions"}],"wp:featuredmedia":[{"embeddable":true,"href":"https:\/\/pop-co.fr\/index.php\/wp-json\/wp\/v2\/media\/191202"}],"wp:attachment":[{"href":"https:\/\/pop-co.fr\/index.php\/wp-json\/wp\/v2\/media?parent=129035"}],"wp:term":[{"taxonomy":"product_cat","embeddable":true,"href":"https:\/\/pop-co.fr\/index.php\/wp-json\/wp\/v2\/product_cat?post=129035"},{"taxonomy":"product_tag","embeddable":true,"href":"https:\/\/pop-co.fr\/index.php\/wp-json\/wp\/v2\/product_tag?post=129035"}],"curies":[{"name":"wp","href":"https:\/\/api.w.org\/{rel}","templated":true}]}}