{"id":129621,"date":"2024-07-19T13:11:14","date_gmt":"2024-07-19T11:11:14","guid":{"rendered":"https:\/\/pop-co.fr\/index.php\/product\/trousse-xl-akatsuki-naruto\/"},"modified":"2025-09-15T11:02:16","modified_gmt":"2025-09-15T09:02:16","slug":"trousse-xl-akatsuki-naruto","status":"publish","type":"product","link":"https:\/\/pop-co.fr\/index.php\/product\/trousse-xl-akatsuki-naruto\/","title":{"rendered":"TROUSSE XL &#8211; NARUTO &#8211; Akatsuki"},"content":{"rendered":"<p>Trousse de toilette de voyage avec poign\u00e9e arri\u00e8re pour la transporter confortablement dans le trolley.    Un compartiment zipp\u00e9 avec doublure int\u00e9rieure et poche ouverte en filet.    Poign\u00e9e lat\u00e9rale.<br \/>\nDimensions<br \/>\n13x27x13cm<\/p>\n","protected":false},"excerpt":{"rendered":"<p>Trousse de toilette de voyage avec poign\u00e9e arri\u00e8re pour la transporter confortablement dans le trolley. Un compartiment zipp\u00e9 avec doublure int\u00e9rieure et poche ouverte en filet. Poign\u00e9e lat\u00e9rale. Dimensions 13x27x13cm<\/p>\n","protected":false},"featured_media":358526,"comment_status":"open","ping_status":"closed","template":"","meta":[],"product_cat":[17,21],"product_tag":[],"aioseo_notices":[],"jetpack_sharing_enabled":true,"_links":{"self":[{"href":"https:\/\/pop-co.fr\/index.php\/wp-json\/wp\/v2\/product\/129621"}],"collection":[{"href":"https:\/\/pop-co.fr\/index.php\/wp-json\/wp\/v2\/product"}],"about":[{"href":"https:\/\/pop-co.fr\/index.php\/wp-json\/wp\/v2\/types\/product"}],"replies":[{"embeddable":true,"href":"https:\/\/pop-co.fr\/index.php\/wp-json\/wp\/v2\/comments?post=129621"}],"version-history":[{"count":0,"href":"https:\/\/pop-co.fr\/index.php\/wp-json\/wp\/v2\/product\/129621\/revisions"}],"wp:featuredmedia":[{"embeddable":true,"href":"https:\/\/pop-co.fr\/index.php\/wp-json\/wp\/v2\/media\/358526"}],"wp:attachment":[{"href":"https:\/\/pop-co.fr\/index.php\/wp-json\/wp\/v2\/media?parent=129621"}],"wp:term":[{"taxonomy":"product_cat","embeddable":true,"href":"https:\/\/pop-co.fr\/index.php\/wp-json\/wp\/v2\/product_cat?post=129621"},{"taxonomy":"product_tag","embeddable":true,"href":"https:\/\/pop-co.fr\/index.php\/wp-json\/wp\/v2\/product_tag?post=129621"}],"curies":[{"name":"wp","href":"https:\/\/api.w.org\/{rel}","templated":true}]}}