{"id":1299,"date":"2024-02-20T17:36:04","date_gmt":"2024-02-20T16:36:04","guid":{"rendered":"https:\/\/pop-co.fr\/index.php\/product\/mug-willy-wonka-golden-ticket\/"},"modified":"2025-08-11T14:00:42","modified_gmt":"2025-08-11T12:00:42","slug":"mug-willy-wonka-golden-ticket","status":"publish","type":"product","link":"https:\/\/pop-co.fr\/index.php\/product\/mug-willy-wonka-golden-ticket\/","title":{"rendered":"MUG &#8211; WILLY WONKA &#8211; Golden ticket"},"content":{"rendered":"<p>Son design combine une belle couleur dor\u00e9e avec des touches de paillettes \u00e0 certains endroits, rappelant le ticket d&rsquo;or contenu dans les barres de chocolat Wonka.<\/p>\n<p>Il est fabriqu\u00e9 en c\u00e9ramique et a une capacit\u00e9 de 350 ml.<\/p>\n<p>Dimensions : 10,4 cm de haut, 8,5 cm de diam\u00e8tre sup\u00e9rieur et 5,5 cm de diam\u00e8tre inf\u00e9rieur.<\/p>\n","protected":false},"excerpt":{"rendered":"<p>Son design combine une belle couleur dor\u00e9e avec des touches de paillettes \u00e0 certains endroits, rappelant le ticket d&rsquo;or contenu dans les barres de chocolat Wonka. Il est fabriqu\u00e9 en c\u00e9ramique et a une capacit\u00e9 de 350 ml. Dimensions : 10,4 cm de haut, 8,5 cm de diam\u00e8tre sup\u00e9rieur et 5,5 cm de diam\u00e8tre inf\u00e9rieur.<\/p>\n","protected":false},"featured_media":357222,"comment_status":"open","ping_status":"closed","template":"","meta":[],"product_cat":[39],"product_tag":[],"aioseo_notices":[],"jetpack_sharing_enabled":true,"_links":{"self":[{"href":"https:\/\/pop-co.fr\/index.php\/wp-json\/wp\/v2\/product\/1299"}],"collection":[{"href":"https:\/\/pop-co.fr\/index.php\/wp-json\/wp\/v2\/product"}],"about":[{"href":"https:\/\/pop-co.fr\/index.php\/wp-json\/wp\/v2\/types\/product"}],"replies":[{"embeddable":true,"href":"https:\/\/pop-co.fr\/index.php\/wp-json\/wp\/v2\/comments?post=1299"}],"version-history":[{"count":0,"href":"https:\/\/pop-co.fr\/index.php\/wp-json\/wp\/v2\/product\/1299\/revisions"}],"wp:featuredmedia":[{"embeddable":true,"href":"https:\/\/pop-co.fr\/index.php\/wp-json\/wp\/v2\/media\/357222"}],"wp:attachment":[{"href":"https:\/\/pop-co.fr\/index.php\/wp-json\/wp\/v2\/media?parent=1299"}],"wp:term":[{"taxonomy":"product_cat","embeddable":true,"href":"https:\/\/pop-co.fr\/index.php\/wp-json\/wp\/v2\/product_cat?post=1299"},{"taxonomy":"product_tag","embeddable":true,"href":"https:\/\/pop-co.fr\/index.php\/wp-json\/wp\/v2\/product_tag?post=1299"}],"curies":[{"name":"wp","href":"https:\/\/api.w.org\/{rel}","templated":true}]}}