{"id":13018,"date":"2024-02-20T21:54:54","date_gmt":"2024-02-20T20:54:54","guid":{"rendered":"https:\/\/pop-co.fr\/index.php\/product\/nanoblock-pokemon-entei\/"},"modified":"2025-06-28T15:19:16","modified_gmt":"2025-06-28T13:19:16","slug":"nanoblock-pokemon-entei","status":"publish","type":"product","link":"https:\/\/pop-co.fr\/index.php\/product\/nanoblock-pokemon-entei\/","title":{"rendered":"NANOBLOCK &#8211; POKEMON &#8211; Entei"},"content":{"rendered":"<p>Figurine \u00e0 construire Pokemon Entei Nanoblock :<\/p>\n<p>Construisez, collectionnez et exposez cette figurine \u00e0 construire Pokemon Entei Nanoblock ! Ce kit de construction mesure environ 2 1\/3 pouces de haut et compte 240 pi\u00e8ces. Le niveau de difficult\u00e9 est de 3. Ce kit comprend tous les d\u00e9tails auxquels on peut s&rsquo;attendre et est amusant et facile \u00e0 construire !. 12 ans et plus.<\/p>\n<p>MINI BRIQUES : Les nanoblocks sont des jeux de micro construction avec des briques \u00e0 assembler pour obtenir des miniatures 3D de diff\u00e9rents mod\u00e8les.<br \/>\nKIT COMPLET : Kit comprenant les briques pour assembler la mini figurine (dont quelques briques suppl\u00e9mentaires) et les instructions d&rsquo;assemblage d\u00e9taill\u00e9es \u00e9tape par \u00e9tape.<br \/>\nACTIVIT\u00c9 DE PR\u00c9CISION : Un loisir minutieux et ludique, recommand\u00e9 \u00e0 partir de 12 ans.<\/p>\n","protected":false},"excerpt":{"rendered":"<p>Figurine \u00e0 construire Pokemon Entei Nanoblock : Construisez, collectionnez et exposez cette figurine \u00e0 construire Pokemon Entei Nanoblock ! Ce kit de construction mesure environ 2 1\/3 pouces de haut et compte 240 pi\u00e8ces. Le niveau de difficult\u00e9 est de 3. Ce kit comprend tous les d\u00e9tails auxquels on peut s&rsquo;attendre et est amusant et [&hellip;]<\/p>\n","protected":false},"featured_media":152391,"comment_status":"open","ping_status":"closed","template":"","meta":[],"product_cat":[34,20],"product_tag":[],"aioseo_notices":[],"jetpack_sharing_enabled":true,"_links":{"self":[{"href":"https:\/\/pop-co.fr\/index.php\/wp-json\/wp\/v2\/product\/13018"}],"collection":[{"href":"https:\/\/pop-co.fr\/index.php\/wp-json\/wp\/v2\/product"}],"about":[{"href":"https:\/\/pop-co.fr\/index.php\/wp-json\/wp\/v2\/types\/product"}],"replies":[{"embeddable":true,"href":"https:\/\/pop-co.fr\/index.php\/wp-json\/wp\/v2\/comments?post=13018"}],"version-history":[{"count":0,"href":"https:\/\/pop-co.fr\/index.php\/wp-json\/wp\/v2\/product\/13018\/revisions"}],"wp:featuredmedia":[{"embeddable":true,"href":"https:\/\/pop-co.fr\/index.php\/wp-json\/wp\/v2\/media\/152391"}],"wp:attachment":[{"href":"https:\/\/pop-co.fr\/index.php\/wp-json\/wp\/v2\/media?parent=13018"}],"wp:term":[{"taxonomy":"product_cat","embeddable":true,"href":"https:\/\/pop-co.fr\/index.php\/wp-json\/wp\/v2\/product_cat?post=13018"},{"taxonomy":"product_tag","embeddable":true,"href":"https:\/\/pop-co.fr\/index.php\/wp-json\/wp\/v2\/product_tag?post=13018"}],"curies":[{"name":"wp","href":"https:\/\/api.w.org\/{rel}","templated":true}]}}