{"id":13040,"date":"2024-02-20T21:55:20","date_gmt":"2024-02-20T20:55:20","guid":{"rendered":"https:\/\/pop-co.fr\/index.php\/product\/nanoblock-naruto-jiraiya\/"},"modified":"2025-07-21T16:53:33","modified_gmt":"2025-07-21T14:53:33","slug":"nanoblock-naruto-jiraiya","status":"publish","type":"product","link":"https:\/\/pop-co.fr\/index.php\/product\/nanoblock-naruto-jiraiya\/","title":{"rendered":"NANOBLOCK &#8211; NARUTO &#8211; Jiraiya"},"content":{"rendered":"<p>Figurine \u00e0 construire Naruto Shippuden Jiraiya Nanoblock :<\/p>\n<p>Construis ton ninja pr\u00e9f\u00e9r\u00e9 de Naruto : Shippuden ! Jiraiya de la s\u00e9rie Character Collection de Nanoblock mesure environ 2 3\/4 pouces de haut et compte 180 pi\u00e8ces. Le niveau de difficult\u00e9 est de 2. Cette figurine constructible Naruto Shippuden Jiraya Nanoblock est amusante \u00e0 construire et pr\u00e9sente tous les d\u00e9tails auxquels on peut s&rsquo;attendre.<\/p>\n<p>MINI BRIQUES : Les nanoblocks sont des jeux de micro construction avec des briques \u00e0 assembler pour obtenir des miniatures 3D de diff\u00e9rents mod\u00e8les.<br \/>\nKIT COMPLET : Kit comprenant les briques pour assembler la mini figurine (dont quelques briques suppl\u00e9mentaires) et les instructions d&rsquo;assemblage d\u00e9taill\u00e9es \u00e9tape par \u00e9tape.<br \/>\nACTIVIT\u00c9 DE PR\u00c9CISION : Un loisir minutieux et ludique, recommand\u00e9 \u00e0 partir de 12 ans.<\/p>\n","protected":false},"excerpt":{"rendered":"<p>Figurine \u00e0 construire Naruto Shippuden Jiraiya Nanoblock : Construis ton ninja pr\u00e9f\u00e9r\u00e9 de Naruto : Shippuden ! Jiraiya de la s\u00e9rie Character Collection de Nanoblock mesure environ 2 3\/4 pouces de haut et compte 180 pi\u00e8ces. Le niveau de difficult\u00e9 est de 2. Cette figurine constructible Naruto Shippuden Jiraya Nanoblock est amusante \u00e0 construire et [&hellip;]<\/p>\n","protected":false},"featured_media":354900,"comment_status":"open","ping_status":"closed","template":"","meta":[],"product_cat":[17,21],"product_tag":[],"aioseo_notices":[],"jetpack_sharing_enabled":true,"_links":{"self":[{"href":"https:\/\/pop-co.fr\/index.php\/wp-json\/wp\/v2\/product\/13040"}],"collection":[{"href":"https:\/\/pop-co.fr\/index.php\/wp-json\/wp\/v2\/product"}],"about":[{"href":"https:\/\/pop-co.fr\/index.php\/wp-json\/wp\/v2\/types\/product"}],"replies":[{"embeddable":true,"href":"https:\/\/pop-co.fr\/index.php\/wp-json\/wp\/v2\/comments?post=13040"}],"version-history":[{"count":0,"href":"https:\/\/pop-co.fr\/index.php\/wp-json\/wp\/v2\/product\/13040\/revisions"}],"wp:featuredmedia":[{"embeddable":true,"href":"https:\/\/pop-co.fr\/index.php\/wp-json\/wp\/v2\/media\/354900"}],"wp:attachment":[{"href":"https:\/\/pop-co.fr\/index.php\/wp-json\/wp\/v2\/media?parent=13040"}],"wp:term":[{"taxonomy":"product_cat","embeddable":true,"href":"https:\/\/pop-co.fr\/index.php\/wp-json\/wp\/v2\/product_cat?post=13040"},{"taxonomy":"product_tag","embeddable":true,"href":"https:\/\/pop-co.fr\/index.php\/wp-json\/wp\/v2\/product_tag?post=13040"}],"curies":[{"name":"wp","href":"https:\/\/api.w.org\/{rel}","templated":true}]}}