{"id":131851,"date":"2024-07-25T13:39:48","date_gmt":"2024-07-25T11:39:48","guid":{"rendered":"https:\/\/pop-co.fr\/index.php\/product\/pins-roi-lion-coin-bag-30eme-anniversaire\/"},"modified":"2024-08-24T17:27:25","modified_gmt":"2024-08-24T15:27:25","slug":"pins-roi-lion-coin-bag-30eme-anniversaire","status":"publish","type":"product","link":"https:\/\/pop-co.fr\/index.php\/product\/pins-roi-lion-coin-bag-30eme-anniversaire\/","title":{"rendered":"PIN&rsquo;S LOUNGEFLY &#8211; DISNEY &#8211; Coin Bag Le roi lion (30\u00e8me Anniversaire)"},"content":{"rendered":"<p>D\u00e9tendez-vous et laissez libre cours \u00e0 votre style de vie sans souci ! Le pins de collection Loungefly Lion King 30e anniversaire Hakuna Matata 3&Prime; apporte un nouveau look d\u00e9contract\u00e9 \u00e0 votre ambiance quotidienne. Sur ce pins en \u00e9mail, une pleine lune se l\u00e8ve alors que Timon, Pumbaa et Simba traversent la b\u00fbche. \u00c9teignez les lumi\u00e8res pour voir la lune briller dans le noir et faites glisser le trio sur la b\u00fbche pour mettre la sc\u00e8ne en mouvement ! Ce pins est un ajout insouciant \u00e0 n\u2019importe quelle tenue ou sac et vous gardera cool et d\u00e9tendu pour le reste de vos journ\u00e9es.<br \/>\nLe pins en \u00e9mail a des d\u00e9tails qui brillent dans le noir et des parties coulissantes avec du mat\u00e9riel dor\u00e9 brillant. Le dos pr\u00e9sente la couronne embl\u00e9matique Funko\/Loungefly en creux, soulignant le nombre de 1 800 pi\u00e8ces en \u00e9dition limit\u00e9e.<br \/>\nLe pins mesure 3 pouces de haut et est livr\u00e9e dans une bo\u00eete de collection de vitrine.<br \/>\nCe pins est un produit Disney sous licence officielle.<\/p>\n","protected":false},"excerpt":{"rendered":"<p>D\u00e9tendez-vous et laissez libre cours \u00e0 votre style de vie sans souci ! Le pins de collection Loungefly Lion King 30e anniversaire Hakuna Matata 3&Prime; apporte un nouveau look d\u00e9contract\u00e9 \u00e0 votre ambiance quotidienne. Sur ce pins en \u00e9mail, une pleine lune se l\u00e8ve alors que Timon, Pumbaa et Simba traversent la b\u00fbche. \u00c9teignez les [&hellip;]<\/p>\n","protected":false},"featured_media":147182,"comment_status":"open","ping_status":"closed","template":"","meta":[],"product_cat":[29],"product_tag":[],"aioseo_notices":[],"jetpack_sharing_enabled":true,"_links":{"self":[{"href":"https:\/\/pop-co.fr\/index.php\/wp-json\/wp\/v2\/product\/131851"}],"collection":[{"href":"https:\/\/pop-co.fr\/index.php\/wp-json\/wp\/v2\/product"}],"about":[{"href":"https:\/\/pop-co.fr\/index.php\/wp-json\/wp\/v2\/types\/product"}],"replies":[{"embeddable":true,"href":"https:\/\/pop-co.fr\/index.php\/wp-json\/wp\/v2\/comments?post=131851"}],"version-history":[{"count":0,"href":"https:\/\/pop-co.fr\/index.php\/wp-json\/wp\/v2\/product\/131851\/revisions"}],"wp:featuredmedia":[{"embeddable":true,"href":"https:\/\/pop-co.fr\/index.php\/wp-json\/wp\/v2\/media\/147182"}],"wp:attachment":[{"href":"https:\/\/pop-co.fr\/index.php\/wp-json\/wp\/v2\/media?parent=131851"}],"wp:term":[{"taxonomy":"product_cat","embeddable":true,"href":"https:\/\/pop-co.fr\/index.php\/wp-json\/wp\/v2\/product_cat?post=131851"},{"taxonomy":"product_tag","embeddable":true,"href":"https:\/\/pop-co.fr\/index.php\/wp-json\/wp\/v2\/product_tag?post=131851"}],"curies":[{"name":"wp","href":"https:\/\/api.w.org\/{rel}","templated":true}]}}