{"id":13210,"date":"2024-02-20T21:58:30","date_gmt":"2024-02-20T20:58:30","guid":{"rendered":"https:\/\/pop-co.fr\/index.php\/product\/nanoblock-one-piece-usopp\/"},"modified":"2025-12-10T15:41:46","modified_gmt":"2025-12-10T14:41:46","slug":"nanoblock-one-piece-usopp","status":"publish","type":"product","link":"https:\/\/pop-co.fr\/index.php\/product\/nanoblock-one-piece-usopp\/","title":{"rendered":"NANOBLOCK &#8211; ONE PIECE &#8211; Usopp"},"content":{"rendered":"<p>Pirate \u00e0 l&rsquo;abordage !<br \/>\nRetrouvez Luffy et tout son \u00e9quipage dans la collection Nanoblock !<br \/>\n150 PIECES<br \/>\nNIVEAU 3\/5<\/p>\n<p>MINI BRIQUES : Les nanoblocks sont des jeux de micro construction avec des briques \u00e0 assembler pour obtenir des miniatures 3D de diff\u00e9rents mod\u00e8les.<br \/>\nKIT COMPLET : Kit comprenant les briques pour assembler la mini figurine (dont quelques briques suppl\u00e9mentaires) et les instructions d&rsquo;assemblage d\u00e9taill\u00e9es \u00e9tape par \u00e9tape.<br \/>\nACTIVIT\u00c9 DE PR\u00c9CISION : Un loisir minutieux et ludique, recommand\u00e9 \u00e0 partir de 12 ans.<\/p>\n","protected":false},"excerpt":{"rendered":"<p>Pirate \u00e0 l&rsquo;abordage ! Retrouvez Luffy et tout son \u00e9quipage dans la collection Nanoblock ! 150 PIECES NIVEAU 3\/5 MINI BRIQUES : Les nanoblocks sont des jeux de micro construction avec des briques \u00e0 assembler pour obtenir des miniatures 3D de diff\u00e9rents mod\u00e8les. KIT COMPLET : Kit comprenant les briques pour assembler la mini figurine [&hellip;]<\/p>\n","protected":false},"featured_media":359208,"comment_status":"open","ping_status":"closed","template":"","meta":[],"product_cat":[17,22],"product_tag":[],"aioseo_notices":[],"jetpack_sharing_enabled":true,"_links":{"self":[{"href":"https:\/\/pop-co.fr\/index.php\/wp-json\/wp\/v2\/product\/13210"}],"collection":[{"href":"https:\/\/pop-co.fr\/index.php\/wp-json\/wp\/v2\/product"}],"about":[{"href":"https:\/\/pop-co.fr\/index.php\/wp-json\/wp\/v2\/types\/product"}],"replies":[{"embeddable":true,"href":"https:\/\/pop-co.fr\/index.php\/wp-json\/wp\/v2\/comments?post=13210"}],"version-history":[{"count":0,"href":"https:\/\/pop-co.fr\/index.php\/wp-json\/wp\/v2\/product\/13210\/revisions"}],"wp:featuredmedia":[{"embeddable":true,"href":"https:\/\/pop-co.fr\/index.php\/wp-json\/wp\/v2\/media\/359208"}],"wp:attachment":[{"href":"https:\/\/pop-co.fr\/index.php\/wp-json\/wp\/v2\/media?parent=13210"}],"wp:term":[{"taxonomy":"product_cat","embeddable":true,"href":"https:\/\/pop-co.fr\/index.php\/wp-json\/wp\/v2\/product_cat?post=13210"},{"taxonomy":"product_tag","embeddable":true,"href":"https:\/\/pop-co.fr\/index.php\/wp-json\/wp\/v2\/product_tag?post=13210"}],"curies":[{"name":"wp","href":"https:\/\/api.w.org\/{rel}","templated":true}]}}