{"id":132815,"date":"2024-07-27T10:30:27","date_gmt":"2024-07-27T08:30:27","guid":{"rendered":"https:\/\/pop-co.fr\/index.php\/product\/naruto-haku-figurine-memorable-saga-12cm\/"},"modified":"2025-07-29T12:02:07","modified_gmt":"2025-07-29T10:02:07","slug":"naruto-haku-figurine-memorable-saga-12cm","status":"publish","type":"product","link":"https:\/\/pop-co.fr\/index.php\/product\/naruto-haku-figurine-memorable-saga-12cm\/","title":{"rendered":"NARUTO &#8211; Haku &#8211; Figurine 12cm"},"content":{"rendered":"<p>Composition : PVC<\/p>\n<p>Banpresto vous pr\u00e9sente cette figurine de Haku, l&rsquo;apprenti de Zabuza.<br \/>\nVivant avec ses parents dans une ferme, sa vie \u00e9tait paisible jusqu&rsquo;\u00e0 ce que son p\u00e8re apprenne que lui et sa m\u00e8re poss\u00e9daient un Kekkei Genkei.<br \/>\nNe pouvant le supporter, son p\u00e8re tua sa m\u00e8re et allait tuer Haku mais celui-ci l&rsquo;en emp\u00eacha.<br \/>\nIl fut recueilli par Zabuza pour qu&rsquo;il devienne son arme.<br \/>\nNaruto est un manga shonen \u00e9crit par Masashi Kishimoto de 1999 \u00e0 2014.<br \/>\nLe manga comprend 72 tomes.<\/p>\n","protected":false},"excerpt":{"rendered":"<p>Composition : PVC Banpresto vous pr\u00e9sente cette figurine de Haku, l&rsquo;apprenti de Zabuza. Vivant avec ses parents dans une ferme, sa vie \u00e9tait paisible jusqu&rsquo;\u00e0 ce que son p\u00e8re apprenne que lui et sa m\u00e8re poss\u00e9daient un Kekkei Genkei. Ne pouvant le supporter, son p\u00e8re tua sa m\u00e8re et allait tuer Haku mais celui-ci l&rsquo;en [&hellip;]<\/p>\n","protected":false},"featured_media":356636,"comment_status":"open","ping_status":"closed","template":"","meta":[],"product_cat":[17,21],"product_tag":[],"aioseo_notices":[],"jetpack_sharing_enabled":true,"_links":{"self":[{"href":"https:\/\/pop-co.fr\/index.php\/wp-json\/wp\/v2\/product\/132815"}],"collection":[{"href":"https:\/\/pop-co.fr\/index.php\/wp-json\/wp\/v2\/product"}],"about":[{"href":"https:\/\/pop-co.fr\/index.php\/wp-json\/wp\/v2\/types\/product"}],"replies":[{"embeddable":true,"href":"https:\/\/pop-co.fr\/index.php\/wp-json\/wp\/v2\/comments?post=132815"}],"version-history":[{"count":0,"href":"https:\/\/pop-co.fr\/index.php\/wp-json\/wp\/v2\/product\/132815\/revisions"}],"wp:featuredmedia":[{"embeddable":true,"href":"https:\/\/pop-co.fr\/index.php\/wp-json\/wp\/v2\/media\/356636"}],"wp:attachment":[{"href":"https:\/\/pop-co.fr\/index.php\/wp-json\/wp\/v2\/media?parent=132815"}],"wp:term":[{"taxonomy":"product_cat","embeddable":true,"href":"https:\/\/pop-co.fr\/index.php\/wp-json\/wp\/v2\/product_cat?post=132815"},{"taxonomy":"product_tag","embeddable":true,"href":"https:\/\/pop-co.fr\/index.php\/wp-json\/wp\/v2\/product_tag?post=132815"}],"curies":[{"name":"wp","href":"https:\/\/api.w.org\/{rel}","templated":true}]}}