{"id":1337,"date":"2024-02-20T17:37:20","date_gmt":"2024-02-20T16:37:20","guid":{"rendered":"https:\/\/pop-co.fr\/index.php\/product\/mha-dabi-crematorium-figurine-27cm\/"},"modified":"2025-07-29T11:24:51","modified_gmt":"2025-07-29T09:24:51","slug":"mha-dabi-crematorium-figurine-27cm","status":"publish","type":"product","link":"https:\/\/pop-co.fr\/index.php\/product\/mha-dabi-crematorium-figurine-27cm\/","title":{"rendered":"MHA &#8211; Dabi (cr\u00e9matorium) &#8211; Figurine 27cm"},"content":{"rendered":"<p>Dabi \u00ab\u00a0Edition Bonus\u00a0\u00bb &#8211; Statuette 1\/8 ARTFXJ 27cm<br \/>\nComposition : PVC<\/p>\n<p>Statuette en PVC \u00e0 l\u00b4\u00e9chelle 1\/8 taille env. 27 cm, livr\u00e9e en emballage bo\u00eete-fen\u00eatre. N\u00e9cessite un assemblage facile.<\/p>\n<p>Bonus : partie de visage alternative<\/p>\n","protected":false},"excerpt":{"rendered":"<p>Dabi \u00ab\u00a0Edition Bonus\u00a0\u00bb &#8211; Statuette 1\/8 ARTFXJ 27cm Composition : PVC Statuette en PVC \u00e0 l\u00b4\u00e9chelle 1\/8 taille env. 27 cm, livr\u00e9e en emballage bo\u00eete-fen\u00eatre. N\u00e9cessite un assemblage facile. Bonus : partie de visage alternative<\/p>\n","protected":false},"featured_media":356411,"comment_status":"open","ping_status":"closed","template":"","meta":[],"product_cat":[17,26],"product_tag":[],"aioseo_notices":[],"jetpack_sharing_enabled":true,"_links":{"self":[{"href":"https:\/\/pop-co.fr\/index.php\/wp-json\/wp\/v2\/product\/1337"}],"collection":[{"href":"https:\/\/pop-co.fr\/index.php\/wp-json\/wp\/v2\/product"}],"about":[{"href":"https:\/\/pop-co.fr\/index.php\/wp-json\/wp\/v2\/types\/product"}],"replies":[{"embeddable":true,"href":"https:\/\/pop-co.fr\/index.php\/wp-json\/wp\/v2\/comments?post=1337"}],"version-history":[{"count":0,"href":"https:\/\/pop-co.fr\/index.php\/wp-json\/wp\/v2\/product\/1337\/revisions"}],"wp:featuredmedia":[{"embeddable":true,"href":"https:\/\/pop-co.fr\/index.php\/wp-json\/wp\/v2\/media\/356411"}],"wp:attachment":[{"href":"https:\/\/pop-co.fr\/index.php\/wp-json\/wp\/v2\/media?parent=1337"}],"wp:term":[{"taxonomy":"product_cat","embeddable":true,"href":"https:\/\/pop-co.fr\/index.php\/wp-json\/wp\/v2\/product_cat?post=1337"},{"taxonomy":"product_tag","embeddable":true,"href":"https:\/\/pop-co.fr\/index.php\/wp-json\/wp\/v2\/product_tag?post=1337"}],"curies":[{"name":"wp","href":"https:\/\/api.w.org\/{rel}","templated":true}]}}