{"id":1349,"date":"2024-02-20T17:37:32","date_gmt":"2024-02-20T16:37:32","guid":{"rendered":"https:\/\/pop-co.fr\/index.php\/product\/naruto-pop-n1504-kakuzu\/"},"modified":"2025-06-28T13:07:13","modified_gmt":"2025-06-28T11:07:13","slug":"naruto-pop-n1504-kakuzu","status":"publish","type":"product","link":"https:\/\/pop-co.fr\/index.php\/product\/naruto-pop-n1504-kakuzu\/","title":{"rendered":"NARUTO &#8211; POP N\u00b01504 Kakuzu"},"content":{"rendered":"<p>Tu t&rsquo;entra\u00eenes pour devenir Hokage ? Vous devrez peut-\u00eatre affronter de puissants adversaires, tels que Pop ! Kakuzu de Naruto Shippuden. Pop ! Kakuzu a l&rsquo;air captivant, f\u00e9roce et mena\u00e7ant, et il est pr\u00eat \u00e0 voler ton c\u0153ur. \u00c9largissez votre ensemble Pop ! Animation en ajoutant ce personnage m\u00e9morable.<\/p>\n","protected":false},"excerpt":{"rendered":"<p>Tu t&rsquo;entra\u00eenes pour devenir Hokage ? Vous devrez peut-\u00eatre affronter de puissants adversaires, tels que Pop ! Kakuzu de Naruto Shippuden. Pop ! Kakuzu a l&rsquo;air captivant, f\u00e9roce et mena\u00e7ant, et il est pr\u00eat \u00e0 voler ton c\u0153ur. \u00c9largissez votre ensemble Pop ! Animation en ajoutant ce personnage m\u00e9morable.<\/p>\n","protected":false},"featured_media":257149,"comment_status":"open","ping_status":"closed","template":"","meta":[],"product_cat":[17,21],"product_tag":[],"aioseo_notices":[],"jetpack_sharing_enabled":true,"_links":{"self":[{"href":"https:\/\/pop-co.fr\/index.php\/wp-json\/wp\/v2\/product\/1349"}],"collection":[{"href":"https:\/\/pop-co.fr\/index.php\/wp-json\/wp\/v2\/product"}],"about":[{"href":"https:\/\/pop-co.fr\/index.php\/wp-json\/wp\/v2\/types\/product"}],"replies":[{"embeddable":true,"href":"https:\/\/pop-co.fr\/index.php\/wp-json\/wp\/v2\/comments?post=1349"}],"version-history":[{"count":0,"href":"https:\/\/pop-co.fr\/index.php\/wp-json\/wp\/v2\/product\/1349\/revisions"}],"wp:featuredmedia":[{"embeddable":true,"href":"https:\/\/pop-co.fr\/index.php\/wp-json\/wp\/v2\/media\/257149"}],"wp:attachment":[{"href":"https:\/\/pop-co.fr\/index.php\/wp-json\/wp\/v2\/media?parent=1349"}],"wp:term":[{"taxonomy":"product_cat","embeddable":true,"href":"https:\/\/pop-co.fr\/index.php\/wp-json\/wp\/v2\/product_cat?post=1349"},{"taxonomy":"product_tag","embeddable":true,"href":"https:\/\/pop-co.fr\/index.php\/wp-json\/wp\/v2\/product_tag?post=1349"}],"curies":[{"name":"wp","href":"https:\/\/api.w.org\/{rel}","templated":true}]}}