{"id":135558,"date":"2024-08-01T10:44:59","date_gmt":"2024-08-01T08:44:59","guid":{"rendered":"https:\/\/pop-co.fr\/index.php\/product\/pop-super-mel-pop-movies-n-1556\/"},"modified":"2025-06-28T12:28:59","modified_gmt":"2025-06-28T10:28:59","slug":"pop-super-mel-pop-movies-n-1556","status":"publish","type":"product","link":"https:\/\/pop-co.fr\/index.php\/product\/pop-super-mel-pop-movies-n-1556\/","title":{"rendered":"MINIONS &#8211; POP N\u00b01556 &#8211; Super Mel"},"content":{"rendered":"<p>Allez les BANANAs ! Les Minions de Despicable Me 4 redoublent d&rsquo;efforts pour affronter un nouveau super-vilain et, bien s\u00fbr, faire des b\u00eatises. Ramenez chez vous la Funko Pop ! Super Mel pour retrouver l&rsquo;excitation et les rires de vos films pr\u00e9f\u00e9r\u00e9s. \u00c9largissez votre collection de Pop ! Movies d\u00e8s aujourd&rsquo;hui.<\/p>\n","protected":false},"excerpt":{"rendered":"<p>Allez les BANANAs ! Les Minions de Despicable Me 4 redoublent d&rsquo;efforts pour affronter un nouveau super-vilain et, bien s\u00fbr, faire des b\u00eatises. Ramenez chez vous la Funko Pop ! Super Mel pour retrouver l&rsquo;excitation et les rires de vos films pr\u00e9f\u00e9r\u00e9s. \u00c9largissez votre collection de Pop ! Movies d\u00e8s aujourd&rsquo;hui.<\/p>\n","protected":false},"featured_media":147103,"comment_status":"open","ping_status":"closed","template":"","meta":[],"product_cat":[29],"product_tag":[],"aioseo_notices":[],"jetpack_sharing_enabled":true,"_links":{"self":[{"href":"https:\/\/pop-co.fr\/index.php\/wp-json\/wp\/v2\/product\/135558"}],"collection":[{"href":"https:\/\/pop-co.fr\/index.php\/wp-json\/wp\/v2\/product"}],"about":[{"href":"https:\/\/pop-co.fr\/index.php\/wp-json\/wp\/v2\/types\/product"}],"replies":[{"embeddable":true,"href":"https:\/\/pop-co.fr\/index.php\/wp-json\/wp\/v2\/comments?post=135558"}],"version-history":[{"count":0,"href":"https:\/\/pop-co.fr\/index.php\/wp-json\/wp\/v2\/product\/135558\/revisions"}],"wp:featuredmedia":[{"embeddable":true,"href":"https:\/\/pop-co.fr\/index.php\/wp-json\/wp\/v2\/media\/147103"}],"wp:attachment":[{"href":"https:\/\/pop-co.fr\/index.php\/wp-json\/wp\/v2\/media?parent=135558"}],"wp:term":[{"taxonomy":"product_cat","embeddable":true,"href":"https:\/\/pop-co.fr\/index.php\/wp-json\/wp\/v2\/product_cat?post=135558"},{"taxonomy":"product_tag","embeddable":true,"href":"https:\/\/pop-co.fr\/index.php\/wp-json\/wp\/v2\/product_tag?post=135558"}],"curies":[{"name":"wp","href":"https:\/\/api.w.org\/{rel}","templated":true}]}}