{"id":13704,"date":"2024-02-20T22:10:01","date_gmt":"2024-02-20T21:10:01","guid":{"rendered":"https:\/\/pop-co.fr\/index.php\/product\/pez-mario-personnages\/"},"modified":"2025-06-28T15:26:22","modified_gmt":"2025-06-28T13:26:22","slug":"pez-mario-personnages","status":"publish","type":"product","link":"https:\/\/pop-co.fr\/index.php\/product\/pez-mario-personnages\/","title":{"rendered":"PEZ &#8211; MARIO &#8211; Personnage + 1 recharge"},"content":{"rendered":"<p>D\u00e9couvrez ou red\u00e9couvrez les intemporels Bonbons PEZ, une combinaison unique d\u2019un d\u00e9licieux bonbon au go\u00fbt de fruit et d\u2019un distributeur (ou jouet) amusant. Le conditionnement classique de la gamme PEZ avec des distributeurs aux nombreuses licences pour enfant et une recharge de d\u00e9licieux bonbons au go\u00fbt de fruits.<\/p>\n<p>Portion \u200e100 grammes<br \/>\n\u00c9nergie (kcal) \u200e405.58 kcal<br \/>\nGraisses \u200e1,6 grammes<br \/>\ndont :<br \/>\n&#8211; Acides gras satur\u00e9s \u200e1,6 grammes<br \/>\nGlucides \u200e95 grammes<br \/>\ndont :<br \/>\n&#8211; Sucres \u200e95 grammes<br \/>\nProt\u00e9ines \u200e0 grammes<br \/>\nSel \u200e0 grammes<\/p>\n<p>Dimensions<br \/>\n18,5&#215;21,8&#215;17,5cm<\/p>\n<p>Poids net<br \/>\n108g<\/p>\n<p>Ingr\u00e9dients<br \/>\nsucre, sirop de glucose, acidifiant (acide citrique), correcteur d&rsquo;acidit\u00e9 (citrates de sodium), graisse de palme totalement hydrog\u00e9n\u00e9e, \u00e9mulsifiant (mono- et diglyc\u00e9rides d&rsquo;acides gras), ar\u00f4mes, concentr\u00e9s-couleur: citron (concentr\u00e9 de carthame, citron), orange (concentr\u00e9 de pomme, carotte, carthame, patate douce), cerise (concentr\u00e9s de raisins, cassis, carottes noires), fraise (concentr\u00e9 de cassis, carottes noires).<\/p>\n","protected":false},"excerpt":{"rendered":"<p>D\u00e9couvrez ou red\u00e9couvrez les intemporels Bonbons PEZ, une combinaison unique d\u2019un d\u00e9licieux bonbon au go\u00fbt de fruit et d\u2019un distributeur (ou jouet) amusant. Le conditionnement classique de la gamme PEZ avec des distributeurs aux nombreuses licences pour enfant et une recharge de d\u00e9licieux bonbons au go\u00fbt de fruits. Portion \u200e100 grammes \u00c9nergie (kcal) \u200e405.58 kcal [&hellip;]<\/p>\n","protected":false},"featured_media":152451,"comment_status":"open","ping_status":"closed","template":"","meta":[],"product_cat":[77],"product_tag":[],"aioseo_notices":[],"jetpack_sharing_enabled":true,"_links":{"self":[{"href":"https:\/\/pop-co.fr\/index.php\/wp-json\/wp\/v2\/product\/13704"}],"collection":[{"href":"https:\/\/pop-co.fr\/index.php\/wp-json\/wp\/v2\/product"}],"about":[{"href":"https:\/\/pop-co.fr\/index.php\/wp-json\/wp\/v2\/types\/product"}],"replies":[{"embeddable":true,"href":"https:\/\/pop-co.fr\/index.php\/wp-json\/wp\/v2\/comments?post=13704"}],"version-history":[{"count":0,"href":"https:\/\/pop-co.fr\/index.php\/wp-json\/wp\/v2\/product\/13704\/revisions"}],"wp:featuredmedia":[{"embeddable":true,"href":"https:\/\/pop-co.fr\/index.php\/wp-json\/wp\/v2\/media\/152451"}],"wp:attachment":[{"href":"https:\/\/pop-co.fr\/index.php\/wp-json\/wp\/v2\/media?parent=13704"}],"wp:term":[{"taxonomy":"product_cat","embeddable":true,"href":"https:\/\/pop-co.fr\/index.php\/wp-json\/wp\/v2\/product_cat?post=13704"},{"taxonomy":"product_tag","embeddable":true,"href":"https:\/\/pop-co.fr\/index.php\/wp-json\/wp\/v2\/product_tag?post=13704"}],"curies":[{"name":"wp","href":"https:\/\/api.w.org\/{rel}","templated":true}]}}