{"id":1372,"date":"2024-02-20T17:37:59","date_gmt":"2024-02-20T16:37:59","guid":{"rendered":"https:\/\/pop-co.fr\/index.php\/product\/hells-paradise-sagiri-figurine-10cm\/"},"modified":"2025-07-29T11:24:20","modified_gmt":"2025-07-29T09:24:20","slug":"hells-paradise-sagiri-figurine-10cm","status":"publish","type":"product","link":"https:\/\/pop-co.fr\/index.php\/product\/hells-paradise-sagiri-figurine-10cm\/","title":{"rendered":"HELL&rsquo;S PARADISE &#8211; Sagiri &#8211; Figurine 10cm"},"content":{"rendered":"<p>Statuette Noodle Stopper 10cm<br \/>\nComposition : PVC<\/p>\n<p>Les Noodle Stoppers sont une gamme de figurines de FuRyu qui aident \u00e0 la cuisson de vos nouilles instantan\u00e9es en maintenant le couvercle de la tasse retenu par leur poids. Comme c&rsquo;est utile ! Si vous n&rsquo;\u00eates pas un fan de ramen, ne vous inqui\u00e9tez pas, car vous pouvez placer votre Noodle Stopper sur n&rsquo;importe quelle surface plane.<\/p>\n","protected":false},"excerpt":{"rendered":"<p>Statuette Noodle Stopper 10cm Composition : PVC Les Noodle Stoppers sont une gamme de figurines de FuRyu qui aident \u00e0 la cuisson de vos nouilles instantan\u00e9es en maintenant le couvercle de la tasse retenu par leur poids. Comme c&rsquo;est utile ! Si vous n&rsquo;\u00eates pas un fan de ramen, ne vous inqui\u00e9tez pas, car vous [&hellip;]<\/p>\n","protected":false},"featured_media":356391,"comment_status":"open","ping_status":"closed","template":"","meta":[],"product_cat":[17,18],"product_tag":[],"aioseo_notices":[],"jetpack_sharing_enabled":true,"_links":{"self":[{"href":"https:\/\/pop-co.fr\/index.php\/wp-json\/wp\/v2\/product\/1372"}],"collection":[{"href":"https:\/\/pop-co.fr\/index.php\/wp-json\/wp\/v2\/product"}],"about":[{"href":"https:\/\/pop-co.fr\/index.php\/wp-json\/wp\/v2\/types\/product"}],"replies":[{"embeddable":true,"href":"https:\/\/pop-co.fr\/index.php\/wp-json\/wp\/v2\/comments?post=1372"}],"version-history":[{"count":0,"href":"https:\/\/pop-co.fr\/index.php\/wp-json\/wp\/v2\/product\/1372\/revisions"}],"wp:featuredmedia":[{"embeddable":true,"href":"https:\/\/pop-co.fr\/index.php\/wp-json\/wp\/v2\/media\/356391"}],"wp:attachment":[{"href":"https:\/\/pop-co.fr\/index.php\/wp-json\/wp\/v2\/media?parent=1372"}],"wp:term":[{"taxonomy":"product_cat","embeddable":true,"href":"https:\/\/pop-co.fr\/index.php\/wp-json\/wp\/v2\/product_cat?post=1372"},{"taxonomy":"product_tag","embeddable":true,"href":"https:\/\/pop-co.fr\/index.php\/wp-json\/wp\/v2\/product_tag?post=1372"}],"curies":[{"name":"wp","href":"https:\/\/api.w.org\/{rel}","templated":true}]}}