{"id":13720,"date":"2024-02-20T22:10:18","date_gmt":"2024-02-20T21:10:18","guid":{"rendered":"https:\/\/pop-co.fr\/index.php\/product\/t-shirt-one-piece-luffy-1000eme-episode-taille-xl\/"},"modified":"2025-07-29T10:16:59","modified_gmt":"2025-07-29T08:16:59","slug":"t-shirt-one-piece-luffy-1000eme-episode-taille-xl","status":"publish","type":"product","link":"https:\/\/pop-co.fr\/index.php\/product\/t-shirt-one-piece-luffy-1000eme-episode-taille-xl\/","title":{"rendered":"T-SHIRT &#8211; ONE PIECE &#8211; Luffy 1000eme \u00e9pisode (Taille XL)"},"content":{"rendered":"<p>Luffy a tout pr\u00e9par\u00e9 pour l&rsquo;arriv\u00e9e du 1000\u00e8me \u00e9pisode de One Piece avec ce fabuleux t-shirt par ABYstyle ! rnrn- Coupe slim, col rond ras du cou rn- T-shirt d&rsquo;excellente qualit\u00e9 : 150g\/m\u00b2, 100% coton rn- Coloris : noirrn<\/p>\n","protected":false},"excerpt":{"rendered":"<p>Luffy a tout pr\u00e9par\u00e9 pour l&rsquo;arriv\u00e9e du 1000\u00e8me \u00e9pisode de One Piece avec ce fabuleux t-shirt par ABYstyle ! rnrn- Coupe slim, col rond ras du cou rn- T-shirt d&rsquo;excellente qualit\u00e9 : 150g\/m\u00b2, 100% coton rn- Coloris : noirrn<\/p>\n","protected":false},"featured_media":355459,"comment_status":"open","ping_status":"closed","template":"","meta":[],"product_cat":[47,49],"product_tag":[],"aioseo_notices":[],"jetpack_sharing_enabled":true,"_links":{"self":[{"href":"https:\/\/pop-co.fr\/index.php\/wp-json\/wp\/v2\/product\/13720"}],"collection":[{"href":"https:\/\/pop-co.fr\/index.php\/wp-json\/wp\/v2\/product"}],"about":[{"href":"https:\/\/pop-co.fr\/index.php\/wp-json\/wp\/v2\/types\/product"}],"replies":[{"embeddable":true,"href":"https:\/\/pop-co.fr\/index.php\/wp-json\/wp\/v2\/comments?post=13720"}],"version-history":[{"count":0,"href":"https:\/\/pop-co.fr\/index.php\/wp-json\/wp\/v2\/product\/13720\/revisions"}],"wp:featuredmedia":[{"embeddable":true,"href":"https:\/\/pop-co.fr\/index.php\/wp-json\/wp\/v2\/media\/355459"}],"wp:attachment":[{"href":"https:\/\/pop-co.fr\/index.php\/wp-json\/wp\/v2\/media?parent=13720"}],"wp:term":[{"taxonomy":"product_cat","embeddable":true,"href":"https:\/\/pop-co.fr\/index.php\/wp-json\/wp\/v2\/product_cat?post=13720"},{"taxonomy":"product_tag","embeddable":true,"href":"https:\/\/pop-co.fr\/index.php\/wp-json\/wp\/v2\/product_tag?post=13720"}],"curies":[{"name":"wp","href":"https:\/\/api.w.org\/{rel}","templated":true}]}}