{"id":13724,"date":"2024-02-20T22:10:23","date_gmt":"2024-02-20T21:10:23","guid":{"rendered":"https:\/\/pop-co.fr\/index.php\/product\/t-shirt-one-piece-luffy-1000eme-episode-taille-m\/"},"modified":"2025-06-28T15:26:29","modified_gmt":"2025-06-28T13:26:29","slug":"t-shirt-one-piece-luffy-1000eme-episode-taille-m","status":"publish","type":"product","link":"https:\/\/pop-co.fr\/index.php\/product\/t-shirt-one-piece-luffy-1000eme-episode-taille-m\/","title":{"rendered":"T-SHIRT &#8211; ONE PIECE &#8211; Luffy 1000eme \u00e9pisode (Taille M)"},"content":{"rendered":"<p>Luffy a tout pr\u00e9par\u00e9 pour l&rsquo;arriv\u00e9e du 1000\u00e8me \u00e9pisode de One Piece avec ce fabuleux t-shirt par ABYstyle ! rnrn- Coupe slim, col rond ras du cou rn- T-shirt d&rsquo;excellente qualit\u00e9 : 150g\/m\u00b2, 100% coton rn- Coloris : noirrn<\/p>\n","protected":false},"excerpt":{"rendered":"<p>Luffy a tout pr\u00e9par\u00e9 pour l&rsquo;arriv\u00e9e du 1000\u00e8me \u00e9pisode de One Piece avec ce fabuleux t-shirt par ABYstyle ! rnrn- Coupe slim, col rond ras du cou rn- T-shirt d&rsquo;excellente qualit\u00e9 : 150g\/m\u00b2, 100% coton rn- Coloris : noirrn<\/p>\n","protected":false},"featured_media":213464,"comment_status":"open","ping_status":"closed","template":"","meta":[],"product_cat":[49,47],"product_tag":[],"aioseo_notices":[],"jetpack_sharing_enabled":true,"_links":{"self":[{"href":"https:\/\/pop-co.fr\/index.php\/wp-json\/wp\/v2\/product\/13724"}],"collection":[{"href":"https:\/\/pop-co.fr\/index.php\/wp-json\/wp\/v2\/product"}],"about":[{"href":"https:\/\/pop-co.fr\/index.php\/wp-json\/wp\/v2\/types\/product"}],"replies":[{"embeddable":true,"href":"https:\/\/pop-co.fr\/index.php\/wp-json\/wp\/v2\/comments?post=13724"}],"version-history":[{"count":0,"href":"https:\/\/pop-co.fr\/index.php\/wp-json\/wp\/v2\/product\/13724\/revisions"}],"wp:featuredmedia":[{"embeddable":true,"href":"https:\/\/pop-co.fr\/index.php\/wp-json\/wp\/v2\/media\/213464"}],"wp:attachment":[{"href":"https:\/\/pop-co.fr\/index.php\/wp-json\/wp\/v2\/media?parent=13724"}],"wp:term":[{"taxonomy":"product_cat","embeddable":true,"href":"https:\/\/pop-co.fr\/index.php\/wp-json\/wp\/v2\/product_cat?post=13724"},{"taxonomy":"product_tag","embeddable":true,"href":"https:\/\/pop-co.fr\/index.php\/wp-json\/wp\/v2\/product_tag?post=13724"}],"curies":[{"name":"wp","href":"https:\/\/api.w.org\/{rel}","templated":true}]}}