{"id":13732,"date":"2024-02-20T22:10:35","date_gmt":"2024-02-20T21:10:35","guid":{"rendered":"https:\/\/pop-co.fr\/index.php\/product\/t-shirt-one-piece-skull-blanc-et-bleu-taille-m\/"},"modified":"2025-07-29T10:16:50","modified_gmt":"2025-07-29T08:16:50","slug":"t-shirt-one-piece-skull-blanc-et-bleu-taille-m","status":"publish","type":"product","link":"https:\/\/pop-co.fr\/index.php\/product\/t-shirt-one-piece-skull-blanc-et-bleu-taille-m\/","title":{"rendered":"T-SHIRT &#8211; ONE PIECE &#8211; Skull blanc et bleu (Taille M)"},"content":{"rendered":"<p>Int\u00e9grez l&rsquo;\u00e9quipage de Luffy au chapeau de paille avec ce t-shirt One Piece par ABYstyle repr\u00e9sentant son embl\u00e8me. rn- Coupe semi-ajust\u00e9e. Manches raglan. Col rond ras du cou double \u00e9paisseur en c\u00f4te 1&#215;1 et bord cote en opposition. rn- T-shirt d&rsquo;excellente qualit\u00e9 : 185 g\/m\u00b2, 100% coton rn- Coloris : blanc et bleu<\/p>\n","protected":false},"excerpt":{"rendered":"<p>Int\u00e9grez l&rsquo;\u00e9quipage de Luffy au chapeau de paille avec ce t-shirt One Piece par ABYstyle repr\u00e9sentant son embl\u00e8me. rn- Coupe semi-ajust\u00e9e. Manches raglan. Col rond ras du cou double \u00e9paisseur en c\u00f4te 1&#215;1 et bord cote en opposition. rn- T-shirt d&rsquo;excellente qualit\u00e9 : 185 g\/m\u00b2, 100% coton rn- Coloris : blanc et bleu<\/p>\n","protected":false},"featured_media":355457,"comment_status":"open","ping_status":"closed","template":"","meta":[],"product_cat":[47,49],"product_tag":[],"aioseo_notices":[],"jetpack_sharing_enabled":true,"_links":{"self":[{"href":"https:\/\/pop-co.fr\/index.php\/wp-json\/wp\/v2\/product\/13732"}],"collection":[{"href":"https:\/\/pop-co.fr\/index.php\/wp-json\/wp\/v2\/product"}],"about":[{"href":"https:\/\/pop-co.fr\/index.php\/wp-json\/wp\/v2\/types\/product"}],"replies":[{"embeddable":true,"href":"https:\/\/pop-co.fr\/index.php\/wp-json\/wp\/v2\/comments?post=13732"}],"version-history":[{"count":0,"href":"https:\/\/pop-co.fr\/index.php\/wp-json\/wp\/v2\/product\/13732\/revisions"}],"wp:featuredmedia":[{"embeddable":true,"href":"https:\/\/pop-co.fr\/index.php\/wp-json\/wp\/v2\/media\/355457"}],"wp:attachment":[{"href":"https:\/\/pop-co.fr\/index.php\/wp-json\/wp\/v2\/media?parent=13732"}],"wp:term":[{"taxonomy":"product_cat","embeddable":true,"href":"https:\/\/pop-co.fr\/index.php\/wp-json\/wp\/v2\/product_cat?post=13732"},{"taxonomy":"product_tag","embeddable":true,"href":"https:\/\/pop-co.fr\/index.php\/wp-json\/wp\/v2\/product_tag?post=13732"}],"curies":[{"name":"wp","href":"https:\/\/api.w.org\/{rel}","templated":true}]}}