{"id":13736,"date":"2024-02-20T22:10:40","date_gmt":"2024-02-20T21:10:40","guid":{"rendered":"https:\/\/pop-co.fr\/index.php\/product\/chibi-poster-one-piece-wanted-brook\/"},"modified":"2025-09-13T16:30:30","modified_gmt":"2025-09-13T14:30:30","slug":"chibi-poster-one-piece-wanted-brook","status":"publish","type":"product","link":"https:\/\/pop-co.fr\/index.php\/product\/chibi-poster-one-piece-wanted-brook\/","title":{"rendered":"CHIBI POSTER &#8211; ONE PIECE &#8211; Wanted Brook"},"content":{"rendered":"<p>Le journal vient de tomber la nouvelle prime de Brook est l\u00e0 ! Apr\u00e8s ses exploits dans le Nouveau Monde (m\u00eame s&rsquo;il n&rsquo;a pas de yeux YOHOHO), Brook poss\u00e8de d\u00e9sormais une prime extraordinaire \u00e0 83 000 000 de berries sur ce poster Wanted One Piece. <\/p>\n<p>&#8211; Excellent grammage : 170 g\/m\u00b2 et pelliculage brillant. Impression haute qualit\u00e9 en offset.<br \/>\n&#8211; Les posters mesurent 52 x 38 cm, en format portrait ou paysage selon les mod\u00e8le<\/p>\n","protected":false},"excerpt":{"rendered":"<p>Le journal vient de tomber la nouvelle prime de Brook est l\u00e0 ! Apr\u00e8s ses exploits dans le Nouveau Monde (m\u00eame s&rsquo;il n&rsquo;a pas de yeux YOHOHO), Brook poss\u00e8de d\u00e9sormais une prime extraordinaire \u00e0 83 000 000 de berries sur ce poster Wanted One Piece. &#8211; Excellent grammage : 170 g\/m\u00b2 et pelliculage brillant. Impression [&hellip;]<\/p>\n","protected":false},"featured_media":358511,"comment_status":"open","ping_status":"closed","template":"","meta":[],"product_cat":[76],"product_tag":[],"aioseo_notices":[],"jetpack_sharing_enabled":true,"_links":{"self":[{"href":"https:\/\/pop-co.fr\/index.php\/wp-json\/wp\/v2\/product\/13736"}],"collection":[{"href":"https:\/\/pop-co.fr\/index.php\/wp-json\/wp\/v2\/product"}],"about":[{"href":"https:\/\/pop-co.fr\/index.php\/wp-json\/wp\/v2\/types\/product"}],"replies":[{"embeddable":true,"href":"https:\/\/pop-co.fr\/index.php\/wp-json\/wp\/v2\/comments?post=13736"}],"version-history":[{"count":0,"href":"https:\/\/pop-co.fr\/index.php\/wp-json\/wp\/v2\/product\/13736\/revisions"}],"wp:featuredmedia":[{"embeddable":true,"href":"https:\/\/pop-co.fr\/index.php\/wp-json\/wp\/v2\/media\/358511"}],"wp:attachment":[{"href":"https:\/\/pop-co.fr\/index.php\/wp-json\/wp\/v2\/media?parent=13736"}],"wp:term":[{"taxonomy":"product_cat","embeddable":true,"href":"https:\/\/pop-co.fr\/index.php\/wp-json\/wp\/v2\/product_cat?post=13736"},{"taxonomy":"product_tag","embeddable":true,"href":"https:\/\/pop-co.fr\/index.php\/wp-json\/wp\/v2\/product_tag?post=13736"}],"curies":[{"name":"wp","href":"https:\/\/api.w.org\/{rel}","templated":true}]}}