{"id":13738,"date":"2024-02-20T22:10:43","date_gmt":"2024-02-20T21:10:43","guid":{"rendered":"https:\/\/pop-co.fr\/index.php\/product\/chibi-poster-one-piece-wanted-nico-robin\/"},"modified":"2025-06-28T15:26:39","modified_gmt":"2025-06-28T13:26:39","slug":"chibi-poster-one-piece-wanted-nico-robin","status":"publish","type":"product","link":"https:\/\/pop-co.fr\/index.php\/product\/chibi-poster-one-piece-wanted-nico-robin\/","title":{"rendered":"CHIBI POSTER &#8211; ONE PIECE &#8211; Wanted Nico Robin"},"content":{"rendered":"<p>Le journal vient de tomber la nouvelle prime de Nico Robin est l\u00e0 ! Apr\u00e8s ses exploits dans le Nouveau Monde, Nico Robin poss\u00e8de d\u00e9sormais une prime extraordinaire \u00e0 130 000 000 de berries sur ce poster Wanted One Piece par GBEye. <\/p>\n<p>&#8211; Excellent grammage : 170 g\/m\u00b2 et pelliculage brillant. Impression haute qualit\u00e9 en offset.<br \/>\n&#8211; Les posters mesurent 52 x 38 cm, en format portrait ou paysage selon les mod\u00e8les.<\/p>\n","protected":false},"excerpt":{"rendered":"<p>Le journal vient de tomber la nouvelle prime de Nico Robin est l\u00e0 ! Apr\u00e8s ses exploits dans le Nouveau Monde, Nico Robin poss\u00e8de d\u00e9sormais une prime extraordinaire \u00e0 130 000 000 de berries sur ce poster Wanted One Piece par GBEye. &#8211; Excellent grammage : 170 g\/m\u00b2 et pelliculage brillant. Impression haute qualit\u00e9 en [&hellip;]<\/p>\n","protected":false},"featured_media":344651,"comment_status":"open","ping_status":"closed","template":"","meta":[],"product_cat":[76],"product_tag":[],"aioseo_notices":[],"jetpack_sharing_enabled":true,"_links":{"self":[{"href":"https:\/\/pop-co.fr\/index.php\/wp-json\/wp\/v2\/product\/13738"}],"collection":[{"href":"https:\/\/pop-co.fr\/index.php\/wp-json\/wp\/v2\/product"}],"about":[{"href":"https:\/\/pop-co.fr\/index.php\/wp-json\/wp\/v2\/types\/product"}],"replies":[{"embeddable":true,"href":"https:\/\/pop-co.fr\/index.php\/wp-json\/wp\/v2\/comments?post=13738"}],"version-history":[{"count":0,"href":"https:\/\/pop-co.fr\/index.php\/wp-json\/wp\/v2\/product\/13738\/revisions"}],"wp:featuredmedia":[{"embeddable":true,"href":"https:\/\/pop-co.fr\/index.php\/wp-json\/wp\/v2\/media\/344651"}],"wp:attachment":[{"href":"https:\/\/pop-co.fr\/index.php\/wp-json\/wp\/v2\/media?parent=13738"}],"wp:term":[{"taxonomy":"product_cat","embeddable":true,"href":"https:\/\/pop-co.fr\/index.php\/wp-json\/wp\/v2\/product_cat?post=13738"},{"taxonomy":"product_tag","embeddable":true,"href":"https:\/\/pop-co.fr\/index.php\/wp-json\/wp\/v2\/product_tag?post=13738"}],"curies":[{"name":"wp","href":"https:\/\/api.w.org\/{rel}","templated":true}]}}