{"id":13772,"date":"2024-02-20T22:11:36","date_gmt":"2024-02-20T21:11:36","guid":{"rendered":"https:\/\/pop-co.fr\/index.php\/product\/chibi-poster-one-piece-monkey-d-luffy-et-yamato-vs-kaido\/"},"modified":"2025-06-28T15:27:06","modified_gmt":"2025-06-28T13:27:06","slug":"chibi-poster-one-piece-monkey-d-luffy-et-yamato-vs-kaido","status":"publish","type":"product","link":"https:\/\/pop-co.fr\/index.php\/product\/chibi-poster-one-piece-monkey-d-luffy-et-yamato-vs-kaido\/","title":{"rendered":"CHIBI POSTER &#8211; ONE PIECE &#8211; Monkey D Luffy et Yamato VS Kaido"},"content":{"rendered":"<p>Le combat tant attendu est enfin arriv\u00e9, Luffy se bat enfin contre un des quatre Empereurs des Mers ! Le d\u00e9fi est de taille puisqu&rsquo;il s&rsquo;agit du terrible Kaido aux Cents B\u00eates. Heuresement, notre pirate pr\u00e9fr\u00e9 sera accompagn\u00e9 de la fille de son ennemi, Yamato. D\u00e9couvrez le plus grand d\u00e9fi de Luffy sur ce magnifique poster One Piece par GBEye ! <\/p>\n<p>&#8211; Excellent grammage : 170 g\/m\u00b2 et pelliculage brillant. Impression haute qualit\u00e9 en offset.<br \/>\n&#8211; Les posters mesurent 52 x 38 cm, en format portrait ou paysage selon les mod\u00e8les.<br \/>\n&#8211; Livr\u00e9 \u00e0 plat<\/p>\n","protected":false},"excerpt":{"rendered":"<p>Le combat tant attendu est enfin arriv\u00e9, Luffy se bat enfin contre un des quatre Empereurs des Mers ! Le d\u00e9fi est de taille puisqu&rsquo;il s&rsquo;agit du terrible Kaido aux Cents B\u00eates. Heuresement, notre pirate pr\u00e9fr\u00e9 sera accompagn\u00e9 de la fille de son ennemi, Yamato. D\u00e9couvrez le plus grand d\u00e9fi de Luffy sur ce magnifique [&hellip;]<\/p>\n","protected":false},"featured_media":152469,"comment_status":"open","ping_status":"closed","template":"","meta":[],"product_cat":[76],"product_tag":[],"aioseo_notices":[],"jetpack_sharing_enabled":true,"_links":{"self":[{"href":"https:\/\/pop-co.fr\/index.php\/wp-json\/wp\/v2\/product\/13772"}],"collection":[{"href":"https:\/\/pop-co.fr\/index.php\/wp-json\/wp\/v2\/product"}],"about":[{"href":"https:\/\/pop-co.fr\/index.php\/wp-json\/wp\/v2\/types\/product"}],"replies":[{"embeddable":true,"href":"https:\/\/pop-co.fr\/index.php\/wp-json\/wp\/v2\/comments?post=13772"}],"version-history":[{"count":0,"href":"https:\/\/pop-co.fr\/index.php\/wp-json\/wp\/v2\/product\/13772\/revisions"}],"wp:featuredmedia":[{"embeddable":true,"href":"https:\/\/pop-co.fr\/index.php\/wp-json\/wp\/v2\/media\/152469"}],"wp:attachment":[{"href":"https:\/\/pop-co.fr\/index.php\/wp-json\/wp\/v2\/media?parent=13772"}],"wp:term":[{"taxonomy":"product_cat","embeddable":true,"href":"https:\/\/pop-co.fr\/index.php\/wp-json\/wp\/v2\/product_cat?post=13772"},{"taxonomy":"product_tag","embeddable":true,"href":"https:\/\/pop-co.fr\/index.php\/wp-json\/wp\/v2\/product_tag?post=13772"}],"curies":[{"name":"wp","href":"https:\/\/api.w.org\/{rel}","templated":true}]}}