{"id":137996,"date":"2024-08-01T15:07:28","date_gmt":"2024-08-01T13:07:28","guid":{"rendered":"https:\/\/pop-co.fr\/index.php\/product\/assassination-classroom-koro-sensei-lunette-figurine-sfc-20cm\/"},"modified":"2025-07-29T12:02:19","modified_gmt":"2025-07-29T10:02:19","slug":"assassination-classroom-koro-sensei-lunette-figurine-sfc-20cm","status":"publish","type":"product","link":"https:\/\/pop-co.fr\/index.php\/product\/assassination-classroom-koro-sensei-lunette-figurine-sfc-20cm\/","title":{"rendered":"ASSASSINATION CLASSROOM &#8211; Koro sensei Lunettes &#8211; Figurine SFC 20cm"},"content":{"rendered":"<p>Apr\u00e8s avoir d\u00e9truit la Lune, Koro Sensei arrive sur Terre, non seulement pour \u00e9duquer une classe de cancres, mais aussi pour rejoindre la gamme de figurine ABYstyle Studio ! V\u00eatu de son uniforme de professeur, ce malicieux poulpe extraterrestre change de couleur de peau au gr\u00e9 de ses \u00e9motions. Ici en version marron, avec une mine bronz\u00e9e. <\/p>\n<p>&#8211; Figurine en PVC de la gamme SFC<br \/>\n&#8211; Hauteur : 20 cm<\/p>\n","protected":false},"excerpt":{"rendered":"<p>Apr\u00e8s avoir d\u00e9truit la Lune, Koro Sensei arrive sur Terre, non seulement pour \u00e9duquer une classe de cancres, mais aussi pour rejoindre la gamme de figurine ABYstyle Studio ! V\u00eatu de son uniforme de professeur, ce malicieux poulpe extraterrestre change de couleur de peau au gr\u00e9 de ses \u00e9motions. Ici en version marron, avec une [&hellip;]<\/p>\n","protected":false},"featured_media":356641,"comment_status":"open","ping_status":"closed","template":"","meta":[],"product_cat":[17,18],"product_tag":[],"aioseo_notices":[],"jetpack_sharing_enabled":true,"_links":{"self":[{"href":"https:\/\/pop-co.fr\/index.php\/wp-json\/wp\/v2\/product\/137996"}],"collection":[{"href":"https:\/\/pop-co.fr\/index.php\/wp-json\/wp\/v2\/product"}],"about":[{"href":"https:\/\/pop-co.fr\/index.php\/wp-json\/wp\/v2\/types\/product"}],"replies":[{"embeddable":true,"href":"https:\/\/pop-co.fr\/index.php\/wp-json\/wp\/v2\/comments?post=137996"}],"version-history":[{"count":0,"href":"https:\/\/pop-co.fr\/index.php\/wp-json\/wp\/v2\/product\/137996\/revisions"}],"wp:featuredmedia":[{"embeddable":true,"href":"https:\/\/pop-co.fr\/index.php\/wp-json\/wp\/v2\/media\/356641"}],"wp:attachment":[{"href":"https:\/\/pop-co.fr\/index.php\/wp-json\/wp\/v2\/media?parent=137996"}],"wp:term":[{"taxonomy":"product_cat","embeddable":true,"href":"https:\/\/pop-co.fr\/index.php\/wp-json\/wp\/v2\/product_cat?post=137996"},{"taxonomy":"product_tag","embeddable":true,"href":"https:\/\/pop-co.fr\/index.php\/wp-json\/wp\/v2\/product_tag?post=137996"}],"curies":[{"name":"wp","href":"https:\/\/api.w.org\/{rel}","templated":true}]}}