{"id":1380,"date":"2024-02-20T17:38:07","date_gmt":"2024-02-20T16:38:07","guid":{"rendered":"https:\/\/pop-co.fr\/index.php\/product\/naruto-uchiha-sasuke-figurine-11cm\/"},"modified":"2025-07-29T11:24:07","modified_gmt":"2025-07-29T09:24:07","slug":"naruto-uchiha-sasuke-figurine-11cm","status":"publish","type":"product","link":"https:\/\/pop-co.fr\/index.php\/product\/naruto-uchiha-sasuke-figurine-11cm\/","title":{"rendered":"NARUTO &#8211; Uchiha Sasuke &#8211; Figurine 11cm"},"content":{"rendered":"<p>Figurine Colosseum 11cm<br \/>\nComposition : PVC<\/p>\n<p>Sasuke Uchiwa est un personnage du manga et des s\u00e9ries anim\u00e9s Naruto cr\u00e9\u00e9 par Masashi Kishimoto. C&rsquo;est un ninja du village de Konoha au caract\u00e8re calme et d\u00e9tach\u00e9, con\u00e7u pour \u00eatre \u00e0 la fois le partenaire et le rival du personnage principal, Naruto Uzumaki. Dans l&rsquo;anime et le manga, Sasuke fait partie du clan Uchiwa, un puissant clan du village de Konoha. Les membres furent extermin\u00e9s lorsque Sasuke n&rsquo;\u00e9tait encore qu&rsquo;un enfant par son fr\u00e8re a\u00een\u00e9, Itachi. Il aura comme seul objectif de venger l&rsquo;extermination de son clan, une t\u00e2che qu&rsquo;il poursuivra \u00e0 tout prix. \u00c0 l&rsquo;origine froid, solitaire et uniquement pr\u00e9occup\u00e9 par sa vengeance, il se lie \u00e0 d&rsquo;autres personnages, notamment Naruto avec qui il noue des liens de rivalit\u00e9 et d&rsquo;amiti\u00e9, et Sakura Haruno, qu&rsquo;il m\u00e9prisait au d\u00e9but mais qui au fur et \u00e0 mesure va devenir une amie. Tous trois apprennent les arts ninja sous l&rsquo;autorit\u00e9 de Kakashi Hatake. Insatisfait de ses progr\u00e8s, il d\u00e9serte le village de Konoha pour acqu\u00e9rir la force n\u00e9cessaire \u00e0 sa vengeance aux c\u00f4t\u00e9s d&rsquo;Orochimaru.<\/p>\n","protected":false},"excerpt":{"rendered":"<p>Figurine Colosseum 11cm Composition : PVC Sasuke Uchiwa est un personnage du manga et des s\u00e9ries anim\u00e9s Naruto cr\u00e9\u00e9 par Masashi Kishimoto. C&rsquo;est un ninja du village de Konoha au caract\u00e8re calme et d\u00e9tach\u00e9, con\u00e7u pour \u00eatre \u00e0 la fois le partenaire et le rival du personnage principal, Naruto Uzumaki. Dans l&rsquo;anime et le manga, [&hellip;]<\/p>\n","protected":false},"featured_media":356385,"comment_status":"open","ping_status":"closed","template":"","meta":[],"product_cat":[17,21],"product_tag":[],"aioseo_notices":[],"jetpack_sharing_enabled":true,"_links":{"self":[{"href":"https:\/\/pop-co.fr\/index.php\/wp-json\/wp\/v2\/product\/1380"}],"collection":[{"href":"https:\/\/pop-co.fr\/index.php\/wp-json\/wp\/v2\/product"}],"about":[{"href":"https:\/\/pop-co.fr\/index.php\/wp-json\/wp\/v2\/types\/product"}],"replies":[{"embeddable":true,"href":"https:\/\/pop-co.fr\/index.php\/wp-json\/wp\/v2\/comments?post=1380"}],"version-history":[{"count":0,"href":"https:\/\/pop-co.fr\/index.php\/wp-json\/wp\/v2\/product\/1380\/revisions"}],"wp:featuredmedia":[{"embeddable":true,"href":"https:\/\/pop-co.fr\/index.php\/wp-json\/wp\/v2\/media\/356385"}],"wp:attachment":[{"href":"https:\/\/pop-co.fr\/index.php\/wp-json\/wp\/v2\/media?parent=1380"}],"wp:term":[{"taxonomy":"product_cat","embeddable":true,"href":"https:\/\/pop-co.fr\/index.php\/wp-json\/wp\/v2\/product_cat?post=1380"},{"taxonomy":"product_tag","embeddable":true,"href":"https:\/\/pop-co.fr\/index.php\/wp-json\/wp\/v2\/product_tag?post=1380"}],"curies":[{"name":"wp","href":"https:\/\/api.w.org\/{rel}","templated":true}]}}