{"id":13852,"date":"2024-02-20T22:13:03","date_gmt":"2024-02-20T21:13:03","guid":{"rendered":"https:\/\/pop-co.fr\/index.php\/product\/porte-cles-death-note-cahier-death-note\/"},"modified":"2025-06-28T15:27:37","modified_gmt":"2025-06-28T13:27:37","slug":"porte-cles-death-note-cahier-death-note","status":"publish","type":"product","link":"https:\/\/pop-co.fr\/index.php\/product\/porte-cles-death-note-cahier-death-note\/","title":{"rendered":"PORTE CLES &#8211; DEATH NOTE &#8211; Cahier death note"},"content":{"rendered":"<p>Comme Kira, emportez votre Death Note partout avec vous gr\u00e2ce \u00e0 ce fabuleux porte-cl\u00e9s Death Note ! <\/p>\n<p>&#8211; Porte-cl\u00e9s en m\u00e9tal de haute qualit\u00e9<br \/>\n&#8211; Packaging attractif, adapt\u00e9 \u00e0 la mise en rayon<br \/>\n&#8211; 100 % officiel : copyright et logo grav\u00e9s au dos du porte-cl\u00e9s<br \/>\n&#8211; Dimensions : H. 4,1 cm x L. 2,8 cm<\/p>\n","protected":false},"excerpt":{"rendered":"<p>Comme Kira, emportez votre Death Note partout avec vous gr\u00e2ce \u00e0 ce fabuleux porte-cl\u00e9s Death Note ! &#8211; Porte-cl\u00e9s en m\u00e9tal de haute qualit\u00e9 &#8211; Packaging attractif, adapt\u00e9 \u00e0 la mise en rayon &#8211; 100 % officiel : copyright et logo grav\u00e9s au dos du porte-cl\u00e9s &#8211; Dimensions : H. 4,1 cm x L. 2,8 [&hellip;]<\/p>\n","protected":false},"featured_media":256051,"comment_status":"open","ping_status":"closed","template":"","meta":[],"product_cat":[18,17],"product_tag":[],"aioseo_notices":[],"jetpack_sharing_enabled":true,"_links":{"self":[{"href":"https:\/\/pop-co.fr\/index.php\/wp-json\/wp\/v2\/product\/13852"}],"collection":[{"href":"https:\/\/pop-co.fr\/index.php\/wp-json\/wp\/v2\/product"}],"about":[{"href":"https:\/\/pop-co.fr\/index.php\/wp-json\/wp\/v2\/types\/product"}],"replies":[{"embeddable":true,"href":"https:\/\/pop-co.fr\/index.php\/wp-json\/wp\/v2\/comments?post=13852"}],"version-history":[{"count":0,"href":"https:\/\/pop-co.fr\/index.php\/wp-json\/wp\/v2\/product\/13852\/revisions"}],"wp:featuredmedia":[{"embeddable":true,"href":"https:\/\/pop-co.fr\/index.php\/wp-json\/wp\/v2\/media\/256051"}],"wp:attachment":[{"href":"https:\/\/pop-co.fr\/index.php\/wp-json\/wp\/v2\/media?parent=13852"}],"wp:term":[{"taxonomy":"product_cat","embeddable":true,"href":"https:\/\/pop-co.fr\/index.php\/wp-json\/wp\/v2\/product_cat?post=13852"},{"taxonomy":"product_tag","embeddable":true,"href":"https:\/\/pop-co.fr\/index.php\/wp-json\/wp\/v2\/product_tag?post=13852"}],"curies":[{"name":"wp","href":"https:\/\/api.w.org\/{rel}","templated":true}]}}