{"id":13904,"date":"2024-02-20T22:13:57","date_gmt":"2024-02-20T21:13:57","guid":{"rendered":"https:\/\/pop-co.fr\/index.php\/product\/bol-mha-plus-ultra\/"},"modified":"2025-07-29T10:15:58","modified_gmt":"2025-07-29T08:15:58","slug":"bol-mha-plus-ultra","status":"publish","type":"product","link":"https:\/\/pop-co.fr\/index.php\/product\/bol-mha-plus-ultra\/","title":{"rendered":"BOL &#8211; MHA &#8211; Plus ultra"},"content":{"rendered":"<p>PLUS ULTRA !! C&rsquo;est la devise de l&rsquo;\u00e9cole des h\u00e9ros la plus prestigieuse qu&rsquo;on retrouve sur ce g\u00e9nial bol My Hero Academia par ABYstyle ! <\/p>\n<p>&#8211; Bol en c\u00e9ramique de haute qualit\u00e9. Contenance standard (600 ml)<br \/>\n&#8211; Tenue d&rsquo;impression exceptionnelle : r\u00e9siste \u00e0 plus de 800 cycles au lave-vaisselle.<br \/>\n&#8211; Compatible Micro-ondes<\/p>\n","protected":false},"excerpt":{"rendered":"<p>PLUS ULTRA !! C&rsquo;est la devise de l&rsquo;\u00e9cole des h\u00e9ros la plus prestigieuse qu&rsquo;on retrouve sur ce g\u00e9nial bol My Hero Academia par ABYstyle ! &#8211; Bol en c\u00e9ramique de haute qualit\u00e9. Contenance standard (600 ml) &#8211; Tenue d&rsquo;impression exceptionnelle : r\u00e9siste \u00e0 plus de 800 cycles au lave-vaisselle. &#8211; Compatible Micro-ondes<\/p>\n","protected":false},"featured_media":355449,"comment_status":"open","ping_status":"closed","template":"","meta":[],"product_cat":[17,26],"product_tag":[],"aioseo_notices":[],"jetpack_sharing_enabled":true,"_links":{"self":[{"href":"https:\/\/pop-co.fr\/index.php\/wp-json\/wp\/v2\/product\/13904"}],"collection":[{"href":"https:\/\/pop-co.fr\/index.php\/wp-json\/wp\/v2\/product"}],"about":[{"href":"https:\/\/pop-co.fr\/index.php\/wp-json\/wp\/v2\/types\/product"}],"replies":[{"embeddable":true,"href":"https:\/\/pop-co.fr\/index.php\/wp-json\/wp\/v2\/comments?post=13904"}],"version-history":[{"count":0,"href":"https:\/\/pop-co.fr\/index.php\/wp-json\/wp\/v2\/product\/13904\/revisions"}],"wp:featuredmedia":[{"embeddable":true,"href":"https:\/\/pop-co.fr\/index.php\/wp-json\/wp\/v2\/media\/355449"}],"wp:attachment":[{"href":"https:\/\/pop-co.fr\/index.php\/wp-json\/wp\/v2\/media?parent=13904"}],"wp:term":[{"taxonomy":"product_cat","embeddable":true,"href":"https:\/\/pop-co.fr\/index.php\/wp-json\/wp\/v2\/product_cat?post=13904"},{"taxonomy":"product_tag","embeddable":true,"href":"https:\/\/pop-co.fr\/index.php\/wp-json\/wp\/v2\/product_tag?post=13904"}],"curies":[{"name":"wp","href":"https:\/\/api.w.org\/{rel}","templated":true}]}}