{"id":13921,"date":"2024-02-20T22:15:08","date_gmt":"2024-02-20T21:15:08","guid":{"rendered":"https:\/\/pop-co.fr\/index.php\/product\/pez-pokemon-pokemon\/"},"modified":"2025-06-28T15:29:04","modified_gmt":"2025-06-28T13:29:04","slug":"pez-pokemon-pokemon","status":"publish","type":"product","link":"https:\/\/pop-co.fr\/index.php\/product\/pez-pokemon-pokemon\/","title":{"rendered":"PEZ &#8211; POKEMON &#8211; Pokemon + 1 recharge"},"content":{"rendered":"<p>D\u00e9couvrez ou red\u00e9couvrez les intemporels Bonbons PEZ, une combinaison unique d\u2019un d\u00e9licieux bonbon au go\u00fbt de fruit et d\u2019un distributeur (ou jouet) amusant. Le conditionnement classique de la gamme PEZ avec des distributeurs aux nombreuses licences pour enfant et une recharge de d\u00e9licieux bonbons au go\u00fbt de fruits.rnrnLes petites briques PEZ, uniques par leur forme, sont rest\u00e9es inchang\u00e9es depuis leur cr\u00e9ation en 1927.rnrnLes Bonbons PEZ sans gluten, sans LactosernrnrnrnrnrnSucre, sirop de glucose, acidifiant (acide citrique), correcteur d&rsquo;aciditi\u00e9 (citrates de sodium), graisse de palme totalement hydrog\u00e9n\u00e9e, \u00e9mulsifiant (mono- et diglyc\u00e9rides d&rsquo;acides gras), ar\u00f4mes, concentr\u00e9s-couleur : citron (concentr\u00e9s de carthame, citron), orange (concentr\u00e9s de pomme, carotte, carthame, patate douce), cerise (concentr\u00e9s de raisins, cassis, carottes noires), fraise (concentr\u00e9s de cassis, carottes noires). SANS LACTOSE ET GLUTENrn<\/p>\n","protected":false},"excerpt":{"rendered":"<p>D\u00e9couvrez ou red\u00e9couvrez les intemporels Bonbons PEZ, une combinaison unique d\u2019un d\u00e9licieux bonbon au go\u00fbt de fruit et d\u2019un distributeur (ou jouet) amusant. Le conditionnement classique de la gamme PEZ avec des distributeurs aux nombreuses licences pour enfant et une recharge de d\u00e9licieux bonbons au go\u00fbt de fruits.rnrnLes petites briques PEZ, uniques par leur forme, [&hellip;]<\/p>\n","protected":false},"featured_media":345084,"comment_status":"open","ping_status":"closed","template":"","meta":[],"product_cat":[77],"product_tag":[],"aioseo_notices":[],"jetpack_sharing_enabled":true,"_links":{"self":[{"href":"https:\/\/pop-co.fr\/index.php\/wp-json\/wp\/v2\/product\/13921"}],"collection":[{"href":"https:\/\/pop-co.fr\/index.php\/wp-json\/wp\/v2\/product"}],"about":[{"href":"https:\/\/pop-co.fr\/index.php\/wp-json\/wp\/v2\/types\/product"}],"replies":[{"embeddable":true,"href":"https:\/\/pop-co.fr\/index.php\/wp-json\/wp\/v2\/comments?post=13921"}],"version-history":[{"count":0,"href":"https:\/\/pop-co.fr\/index.php\/wp-json\/wp\/v2\/product\/13921\/revisions"}],"wp:featuredmedia":[{"embeddable":true,"href":"https:\/\/pop-co.fr\/index.php\/wp-json\/wp\/v2\/media\/345084"}],"wp:attachment":[{"href":"https:\/\/pop-co.fr\/index.php\/wp-json\/wp\/v2\/media?parent=13921"}],"wp:term":[{"taxonomy":"product_cat","embeddable":true,"href":"https:\/\/pop-co.fr\/index.php\/wp-json\/wp\/v2\/product_cat?post=13921"},{"taxonomy":"product_tag","embeddable":true,"href":"https:\/\/pop-co.fr\/index.php\/wp-json\/wp\/v2\/product_tag?post=13921"}],"curies":[{"name":"wp","href":"https:\/\/api.w.org\/{rel}","templated":true}]}}