{"id":139484,"date":"2024-08-06T10:19:29","date_gmt":"2024-08-06T08:19:29","guid":{"rendered":"https:\/\/pop-co.fr\/index.php\/product\/theiere-one-piece-escargophone\/"},"modified":"2025-06-28T12:28:13","modified_gmt":"2025-06-28T10:28:13","slug":"theiere-one-piece-escargophone","status":"publish","type":"product","link":"https:\/\/pop-co.fr\/index.php\/product\/theiere-one-piece-escargophone\/","title":{"rendered":"THEIERE &#8211; ONE PIECE &#8211; Escargophone"},"content":{"rendered":"<p>Les Escargophones, souvent appel\u00e9s Den Den Mushi, repr\u00e9sentent le meilleur moyen de communication dans le vaste monde de One Piece. Que ce soit pour t\u00e9l\u00e9phoner, envoyer un fax et m\u00eame enregistr\u00e9, cet escargot est un objet \u00e0 tout faire ! Ramenez chez vous cette fid\u00e8le r\u00e9plique de l&rsquo;Escargophone de l&rsquo;\u00c9quipage du Chapeau de Paille gr\u00e2ce \u00e0 cette magnifique th\u00e9i\u00e8re One Piece par ABYstyle ! <\/p>\n<p>&#8211; Contenance : 1200 ml<br \/>\n&#8211; Mati\u00e8re : c\u00e9ramique.<br \/>\n&#8211; Ne passe pas au micro-ondes ou au lave-vaisselle.<\/p>\n","protected":false},"excerpt":{"rendered":"<p>Les Escargophones, souvent appel\u00e9s Den Den Mushi, repr\u00e9sentent le meilleur moyen de communication dans le vaste monde de One Piece. Que ce soit pour t\u00e9l\u00e9phoner, envoyer un fax et m\u00eame enregistr\u00e9, cet escargot est un objet \u00e0 tout faire ! Ramenez chez vous cette fid\u00e8le r\u00e9plique de l&rsquo;Escargophone de l&rsquo;\u00c9quipage du Chapeau de Paille gr\u00e2ce [&hellip;]<\/p>\n","protected":false},"featured_media":0,"comment_status":"open","ping_status":"closed","template":"","meta":[],"product_cat":[17,22],"product_tag":[],"aioseo_notices":[],"jetpack_sharing_enabled":true,"_links":{"self":[{"href":"https:\/\/pop-co.fr\/index.php\/wp-json\/wp\/v2\/product\/139484"}],"collection":[{"href":"https:\/\/pop-co.fr\/index.php\/wp-json\/wp\/v2\/product"}],"about":[{"href":"https:\/\/pop-co.fr\/index.php\/wp-json\/wp\/v2\/types\/product"}],"replies":[{"embeddable":true,"href":"https:\/\/pop-co.fr\/index.php\/wp-json\/wp\/v2\/comments?post=139484"}],"version-history":[{"count":0,"href":"https:\/\/pop-co.fr\/index.php\/wp-json\/wp\/v2\/product\/139484\/revisions"}],"wp:attachment":[{"href":"https:\/\/pop-co.fr\/index.php\/wp-json\/wp\/v2\/media?parent=139484"}],"wp:term":[{"taxonomy":"product_cat","embeddable":true,"href":"https:\/\/pop-co.fr\/index.php\/wp-json\/wp\/v2\/product_cat?post=139484"},{"taxonomy":"product_tag","embeddable":true,"href":"https:\/\/pop-co.fr\/index.php\/wp-json\/wp\/v2\/product_tag?post=139484"}],"curies":[{"name":"wp","href":"https:\/\/api.w.org\/{rel}","templated":true}]}}