{"id":139494,"date":"2024-08-06T11:12:10","date_gmt":"2024-08-06T09:12:10","guid":{"rendered":"https:\/\/pop-co.fr\/index.php\/product\/mug-star-wars-storm-pooper\/"},"modified":"2025-06-28T12:28:04","modified_gmt":"2025-06-28T10:28:04","slug":"mug-star-wars-storm-pooper","status":"publish","type":"product","link":"https:\/\/pop-co.fr\/index.php\/product\/mug-star-wars-storm-pooper\/","title":{"rendered":"MUG &#8211; STAR WARS &#8211; Storm Pooper"},"content":{"rendered":"<p>Chaque Storm Trooper original a besoin d&rsquo;un peu de temps pour lui ! Pourquoi ne pas prendre votre temps un matin et prendre un caf\u00e9 dans votre endroit pr\u00e9f\u00e9r\u00e9 avec ce mug comique par ABYstyle ! <\/p>\n<p>&#8211; Mug en c\u00e9ramique de haute qualit\u00e9. Contenance standard (320 ml)<br \/>\n&#8211; Packaging : bo\u00eete cartonn\u00e9e permettant de prot\u00e9ger le mug.<br \/>\n&#8211; Convient aux micro-ondes et lave-vaisselle.<\/p>\n","protected":false},"excerpt":{"rendered":"<p>Chaque Storm Trooper original a besoin d&rsquo;un peu de temps pour lui ! Pourquoi ne pas prendre votre temps un matin et prendre un caf\u00e9 dans votre endroit pr\u00e9f\u00e9r\u00e9 avec ce mug comique par ABYstyle ! &#8211; Mug en c\u00e9ramique de haute qualit\u00e9. Contenance standard (320 ml) &#8211; Packaging : bo\u00eete cartonn\u00e9e permettant de prot\u00e9ger [&hellip;]<\/p>\n","protected":false},"featured_media":216799,"comment_status":"open","ping_status":"closed","template":"","meta":[],"product_cat":[43],"product_tag":[],"aioseo_notices":[],"jetpack_sharing_enabled":true,"_links":{"self":[{"href":"https:\/\/pop-co.fr\/index.php\/wp-json\/wp\/v2\/product\/139494"}],"collection":[{"href":"https:\/\/pop-co.fr\/index.php\/wp-json\/wp\/v2\/product"}],"about":[{"href":"https:\/\/pop-co.fr\/index.php\/wp-json\/wp\/v2\/types\/product"}],"replies":[{"embeddable":true,"href":"https:\/\/pop-co.fr\/index.php\/wp-json\/wp\/v2\/comments?post=139494"}],"version-history":[{"count":0,"href":"https:\/\/pop-co.fr\/index.php\/wp-json\/wp\/v2\/product\/139494\/revisions"}],"wp:featuredmedia":[{"embeddable":true,"href":"https:\/\/pop-co.fr\/index.php\/wp-json\/wp\/v2\/media\/216799"}],"wp:attachment":[{"href":"https:\/\/pop-co.fr\/index.php\/wp-json\/wp\/v2\/media?parent=139494"}],"wp:term":[{"taxonomy":"product_cat","embeddable":true,"href":"https:\/\/pop-co.fr\/index.php\/wp-json\/wp\/v2\/product_cat?post=139494"},{"taxonomy":"product_tag","embeddable":true,"href":"https:\/\/pop-co.fr\/index.php\/wp-json\/wp\/v2\/product_tag?post=139494"}],"curies":[{"name":"wp","href":"https:\/\/api.w.org\/{rel}","templated":true}]}}