{"id":139574,"date":"2024-08-06T14:18:28","date_gmt":"2024-08-06T12:18:28","guid":{"rendered":"https:\/\/pop-co.fr\/index.php\/product\/verre-dragon-ball-goku-super-sayan-2\/"},"modified":"2024-08-08T11:56:32","modified_gmt":"2024-08-08T09:56:32","slug":"verre-dragon-ball-goku-super-sayan-2","status":"publish","type":"product","link":"https:\/\/pop-co.fr\/index.php\/product\/verre-dragon-ball-goku-super-sayan-2\/","title":{"rendered":"VERRE &#8211; DRAGON BALL &#8211; Goku super Sayan"},"content":{"rendered":"<p>Goku est pr\u00eat \u00e0 mettre fin au combat sur ce verre Dragon Ball Z par ABYstyle. <\/p>\n<p>&#8211; Mati\u00e8re : verre haute qualit\u00e9.<br \/>\n&#8211; Grande contenance (40 cl).<br \/>\n&#8211; Ne passe pas au micro-ondes ou au lave-vaisselle.<br \/>\n&#8211; Packaging : bo\u00eete cartonn\u00e9e ouverte \u00e0 la licence permettant une visibilit\u00e9 \u00e0 360\u00b0.<\/p>\n","protected":false},"excerpt":{"rendered":"<p>Goku est pr\u00eat \u00e0 mettre fin au combat sur ce verre Dragon Ball Z par ABYstyle. &#8211; Mati\u00e8re : verre haute qualit\u00e9. &#8211; Grande contenance (40 cl). &#8211; Ne passe pas au micro-ondes ou au lave-vaisselle. &#8211; Packaging : bo\u00eete cartonn\u00e9e ouverte \u00e0 la licence permettant une visibilit\u00e9 \u00e0 360\u00b0.<\/p>\n","protected":false},"featured_media":139568,"comment_status":"open","ping_status":"closed","template":"","meta":[],"product_cat":[17,23],"product_tag":[],"aioseo_notices":[],"jetpack_sharing_enabled":true,"_links":{"self":[{"href":"https:\/\/pop-co.fr\/index.php\/wp-json\/wp\/v2\/product\/139574"}],"collection":[{"href":"https:\/\/pop-co.fr\/index.php\/wp-json\/wp\/v2\/product"}],"about":[{"href":"https:\/\/pop-co.fr\/index.php\/wp-json\/wp\/v2\/types\/product"}],"replies":[{"embeddable":true,"href":"https:\/\/pop-co.fr\/index.php\/wp-json\/wp\/v2\/comments?post=139574"}],"version-history":[{"count":0,"href":"https:\/\/pop-co.fr\/index.php\/wp-json\/wp\/v2\/product\/139574\/revisions"}],"wp:featuredmedia":[{"embeddable":true,"href":"https:\/\/pop-co.fr\/index.php\/wp-json\/wp\/v2\/media\/139568"}],"wp:attachment":[{"href":"https:\/\/pop-co.fr\/index.php\/wp-json\/wp\/v2\/media?parent=139574"}],"wp:term":[{"taxonomy":"product_cat","embeddable":true,"href":"https:\/\/pop-co.fr\/index.php\/wp-json\/wp\/v2\/product_cat?post=139574"},{"taxonomy":"product_tag","embeddable":true,"href":"https:\/\/pop-co.fr\/index.php\/wp-json\/wp\/v2\/product_tag?post=139574"}],"curies":[{"name":"wp","href":"https:\/\/api.w.org\/{rel}","templated":true}]}}