{"id":141284,"date":"2024-08-08T10:58:44","date_gmt":"2024-08-08T08:58:44","guid":{"rendered":"https:\/\/pop-co.fr\/index.php\/product\/peluche-dragons-furie-eclair\/"},"modified":"2025-09-03T09:40:01","modified_gmt":"2025-09-03T07:40:01","slug":"peluche-dragons-furie-eclair","status":"publish","type":"product","link":"https:\/\/pop-co.fr\/index.php\/product\/peluche-dragons-furie-eclair\/","title":{"rendered":"PELUCHE &#8211; DRAGONS &#8211; Furie Eclair"},"content":{"rendered":"<p>Mettez le cap sur Berk ! Apprends \u00e0 dresser ton propre dragon avec la peluche Funko Light Fury ! Cet adorable dragon terrifiant est pr\u00eat \u00e0 s&rsquo;envoler dans les cieux et \u00e0 entrer dans ta collection de Dragons !<\/p>\n","protected":false},"excerpt":{"rendered":"<p>Mettez le cap sur Berk ! Apprends \u00e0 dresser ton propre dragon avec la peluche Funko Light Fury ! Cet adorable dragon terrifiant est pr\u00eat \u00e0 s&rsquo;envoler dans les cieux et \u00e0 entrer dans ta collection de Dragons !<\/p>\n","protected":false},"featured_media":358042,"comment_status":"open","ping_status":"closed","template":"","meta":[],"product_cat":[29],"product_tag":[],"aioseo_notices":[],"jetpack_sharing_enabled":true,"_links":{"self":[{"href":"https:\/\/pop-co.fr\/index.php\/wp-json\/wp\/v2\/product\/141284"}],"collection":[{"href":"https:\/\/pop-co.fr\/index.php\/wp-json\/wp\/v2\/product"}],"about":[{"href":"https:\/\/pop-co.fr\/index.php\/wp-json\/wp\/v2\/types\/product"}],"replies":[{"embeddable":true,"href":"https:\/\/pop-co.fr\/index.php\/wp-json\/wp\/v2\/comments?post=141284"}],"version-history":[{"count":0,"href":"https:\/\/pop-co.fr\/index.php\/wp-json\/wp\/v2\/product\/141284\/revisions"}],"wp:featuredmedia":[{"embeddable":true,"href":"https:\/\/pop-co.fr\/index.php\/wp-json\/wp\/v2\/media\/358042"}],"wp:attachment":[{"href":"https:\/\/pop-co.fr\/index.php\/wp-json\/wp\/v2\/media?parent=141284"}],"wp:term":[{"taxonomy":"product_cat","embeddable":true,"href":"https:\/\/pop-co.fr\/index.php\/wp-json\/wp\/v2\/product_cat?post=141284"},{"taxonomy":"product_tag","embeddable":true,"href":"https:\/\/pop-co.fr\/index.php\/wp-json\/wp\/v2\/product_tag?post=141284"}],"curies":[{"name":"wp","href":"https:\/\/api.w.org\/{rel}","templated":true}]}}