{"id":141342,"date":"2024-08-23T00:01:09","date_gmt":"2024-08-22T22:01:09","guid":{"rendered":"https:\/\/pop-co.fr\/index.php\/product\/lorcana-x1-starter-deck-chapitre-5-ciel-scintillant\/"},"modified":"2025-06-28T12:27:40","modified_gmt":"2025-06-28T10:27:40","slug":"lorcana-x1-starter-deck-chapitre-5-ciel-scintillant","status":"publish","type":"product","link":"https:\/\/pop-co.fr\/index.php\/product\/lorcana-x1-starter-deck-chapitre-5-ciel-scintillant\/","title":{"rendered":"LORCANA &#8211; X1 Starter deck chapitre 5 &#8211; Ciel scintillant"},"content":{"rendered":"<p>Pour l&rsquo;achat de 8 decks (x4 Elsa\/Ralph et x4 Scar\/Kronk), dans la mesure du possible, un display scell\u00e9 sera envoy\u00e9.<\/p>\n<p>Pour jouer \u00e0 Disney Lorcana TCG, chaque joueur aura besoin d\u2019un deck de 60 cartes. Les decks de d\u00e9marrage pr\u00eats \u00e0 jouer contiennent un deck pr\u00e9construit avec une liste de cartes d\u00e9termin\u00e9e. Si vous \u00eates nouveau aux jeux de cartes \u00e0 collectionner, ou si vous voulez faire l\u2019exp\u00e9rience du jeu avec un deck con\u00e7u et test\u00e9 par l\u2019\u00e9quipe Lorcana, c\u2019est un bon endroit pour commencer.<\/p>\n<p>Chaque deck de d\u00e9marrage comprend :<\/p>\n<p>&#8211; 1 deck pr\u00e9construit de 60 cartes, incluant 2 cartes brillantes des personnages sur la couverture<br \/>\n&#8211; 11 jetons de jeu<br \/>\n&#8211; 1 r\u00e8gle de d\u00e9marrage rapide<br \/>\n&#8211; 1 Booster contenant 12 cartes al\u00e9atoires<\/p>\n<p>Version Fran\u00e7aise<\/p>\n","protected":false},"excerpt":{"rendered":"<p>Pour l&rsquo;achat de 8 decks (x4 Elsa\/Ralph et x4 Scar\/Kronk), dans la mesure du possible, un display scell\u00e9 sera envoy\u00e9. Pour jouer \u00e0 Disney Lorcana TCG, chaque joueur aura besoin d\u2019un deck de 60 cartes. Les decks de d\u00e9marrage pr\u00eats \u00e0 jouer contiennent un deck pr\u00e9construit avec une liste de cartes d\u00e9termin\u00e9e. Si vous \u00eates [&hellip;]<\/p>\n","protected":false},"featured_media":287577,"comment_status":"open","ping_status":"closed","template":"","meta":[],"product_cat":[29,32],"product_tag":[],"aioseo_notices":[],"jetpack_sharing_enabled":true,"_links":{"self":[{"href":"https:\/\/pop-co.fr\/index.php\/wp-json\/wp\/v2\/product\/141342"}],"collection":[{"href":"https:\/\/pop-co.fr\/index.php\/wp-json\/wp\/v2\/product"}],"about":[{"href":"https:\/\/pop-co.fr\/index.php\/wp-json\/wp\/v2\/types\/product"}],"replies":[{"embeddable":true,"href":"https:\/\/pop-co.fr\/index.php\/wp-json\/wp\/v2\/comments?post=141342"}],"version-history":[{"count":0,"href":"https:\/\/pop-co.fr\/index.php\/wp-json\/wp\/v2\/product\/141342\/revisions"}],"wp:featuredmedia":[{"embeddable":true,"href":"https:\/\/pop-co.fr\/index.php\/wp-json\/wp\/v2\/media\/287577"}],"wp:attachment":[{"href":"https:\/\/pop-co.fr\/index.php\/wp-json\/wp\/v2\/media?parent=141342"}],"wp:term":[{"taxonomy":"product_cat","embeddable":true,"href":"https:\/\/pop-co.fr\/index.php\/wp-json\/wp\/v2\/product_cat?post=141342"},{"taxonomy":"product_tag","embeddable":true,"href":"https:\/\/pop-co.fr\/index.php\/wp-json\/wp\/v2\/product_tag?post=141342"}],"curies":[{"name":"wp","href":"https:\/\/api.w.org\/{rel}","templated":true}]}}