{"id":14163,"date":"2024-02-20T22:21:43","date_gmt":"2024-02-20T21:21:43","guid":{"rendered":"https:\/\/pop-co.fr\/index.php\/product\/theiere-disney-reine-de-coeur-alice-au-pays-des-merveilles\/"},"modified":"2025-06-28T15:32:52","modified_gmt":"2025-06-28T13:32:52","slug":"theiere-disney-reine-de-coeur-alice-au-pays-des-merveilles","status":"publish","type":"product","link":"https:\/\/pop-co.fr\/index.php\/product\/theiere-disney-reine-de-coeur-alice-au-pays-des-merveilles\/","title":{"rendered":"THEIERE &#8211; DISNEY &#8211; Reine de coeur (Alice au pays des merveilles)"},"content":{"rendered":"<p>\u00ab Qu\u2019on lui coupe la t\u00eate ! \u00bb Cette phrase vous est famili\u00e8re ? C\u2019est normal, car c\u2019est le moyen pour la Reine de C\u0153ur de r\u00e9gler tous ses probl\u00e8mes ! Si vous aussi \u00eates du genre \u00e0 r\u00e9gler vos probl\u00e8mes de la m\u00eame mani\u00e8re, alors cette superbe th\u00e9i\u00e8re Alice au Pays des Merveilles par ABYstyle est faite pour vous ! <\/p>\n<p>&#8211; Contenance : 1200 ml<br \/>\n&#8211; Mati\u00e8re : c\u00e9ramique.<br \/>\n&#8211; Ne passe pas au micro-ondes ou au lave-vaisselle.<\/p>\n","protected":false},"excerpt":{"rendered":"<p>\u00ab Qu\u2019on lui coupe la t\u00eate ! \u00bb Cette phrase vous est famili\u00e8re ? C\u2019est normal, car c\u2019est le moyen pour la Reine de C\u0153ur de r\u00e9gler tous ses probl\u00e8mes ! Si vous aussi \u00eates du genre \u00e0 r\u00e9gler vos probl\u00e8mes de la m\u00eame mani\u00e8re, alors cette superbe th\u00e9i\u00e8re Alice au Pays des Merveilles par [&hellip;]<\/p>\n","protected":false},"featured_media":258847,"comment_status":"open","ping_status":"closed","template":"","meta":[],"product_cat":[29],"product_tag":[],"aioseo_notices":[],"jetpack_sharing_enabled":true,"_links":{"self":[{"href":"https:\/\/pop-co.fr\/index.php\/wp-json\/wp\/v2\/product\/14163"}],"collection":[{"href":"https:\/\/pop-co.fr\/index.php\/wp-json\/wp\/v2\/product"}],"about":[{"href":"https:\/\/pop-co.fr\/index.php\/wp-json\/wp\/v2\/types\/product"}],"replies":[{"embeddable":true,"href":"https:\/\/pop-co.fr\/index.php\/wp-json\/wp\/v2\/comments?post=14163"}],"version-history":[{"count":0,"href":"https:\/\/pop-co.fr\/index.php\/wp-json\/wp\/v2\/product\/14163\/revisions"}],"wp:featuredmedia":[{"embeddable":true,"href":"https:\/\/pop-co.fr\/index.php\/wp-json\/wp\/v2\/media\/258847"}],"wp:attachment":[{"href":"https:\/\/pop-co.fr\/index.php\/wp-json\/wp\/v2\/media?parent=14163"}],"wp:term":[{"taxonomy":"product_cat","embeddable":true,"href":"https:\/\/pop-co.fr\/index.php\/wp-json\/wp\/v2\/product_cat?post=14163"},{"taxonomy":"product_tag","embeddable":true,"href":"https:\/\/pop-co.fr\/index.php\/wp-json\/wp\/v2\/product_tag?post=14163"}],"curies":[{"name":"wp","href":"https:\/\/api.w.org\/{rel}","templated":true}]}}