{"id":14185,"date":"2024-02-20T22:22:07","date_gmt":"2024-02-20T21:22:07","guid":{"rendered":"https:\/\/pop-co.fr\/index.php\/product\/porte-cles-one-piece-portgas-d-ace\/"},"modified":"2024-02-20T22:22:07","modified_gmt":"2024-02-20T21:22:07","slug":"porte-cles-one-piece-portgas-d-ace","status":"publish","type":"product","link":"https:\/\/pop-co.fr\/index.php\/product\/porte-cles-one-piece-portgas-d-ace\/","title":{"rendered":"PORTE CLES &#8211; ONE PIECE &#8211; Portgas D Ace"},"content":{"rendered":"<p>Retrouvez l&#8217;embl\u00e8me du fr\u00e8re de Luffy, Ace, sur ce superbe porte-cl\u00e9s One Piece par ABYstyle.<br \/>\n&#8211; Porte-cl\u00e9s en m\u00e9tal de haute qualit\u00e9<br \/>\n&#8211; 100 % officiel : copyright et logo grav\u00e9s au dos du porte-cl\u00e9s<br \/>\n&#8211; Dimensions : H. 5 cm x L. 4 cm<\/p>\n","protected":false},"excerpt":{"rendered":"<p>Retrouvez l&#8217;embl\u00e8me du fr\u00e8re de Luffy, Ace, sur ce superbe porte-cl\u00e9s One Piece par ABYstyle. &#8211; Porte-cl\u00e9s en m\u00e9tal de haute qualit\u00e9 &#8211; 100 % officiel : copyright et logo grav\u00e9s au dos du porte-cl\u00e9s &#8211; Dimensions : H. 5 cm x L. 4 cm<\/p>\n","protected":false},"featured_media":14182,"comment_status":"open","ping_status":"closed","template":"","meta":[],"product_cat":[17,22],"product_tag":[],"aioseo_notices":[],"jetpack_sharing_enabled":true,"_links":{"self":[{"href":"https:\/\/pop-co.fr\/index.php\/wp-json\/wp\/v2\/product\/14185"}],"collection":[{"href":"https:\/\/pop-co.fr\/index.php\/wp-json\/wp\/v2\/product"}],"about":[{"href":"https:\/\/pop-co.fr\/index.php\/wp-json\/wp\/v2\/types\/product"}],"replies":[{"embeddable":true,"href":"https:\/\/pop-co.fr\/index.php\/wp-json\/wp\/v2\/comments?post=14185"}],"version-history":[{"count":0,"href":"https:\/\/pop-co.fr\/index.php\/wp-json\/wp\/v2\/product\/14185\/revisions"}],"wp:featuredmedia":[{"embeddable":true,"href":"https:\/\/pop-co.fr\/index.php\/wp-json\/wp\/v2\/media\/14182"}],"wp:attachment":[{"href":"https:\/\/pop-co.fr\/index.php\/wp-json\/wp\/v2\/media?parent=14185"}],"wp:term":[{"taxonomy":"product_cat","embeddable":true,"href":"https:\/\/pop-co.fr\/index.php\/wp-json\/wp\/v2\/product_cat?post=14185"},{"taxonomy":"product_tag","embeddable":true,"href":"https:\/\/pop-co.fr\/index.php\/wp-json\/wp\/v2\/product_tag?post=14185"}],"curies":[{"name":"wp","href":"https:\/\/api.w.org\/{rel}","templated":true}]}}