{"id":1434,"date":"2024-02-20T17:39:42","date_gmt":"2024-02-20T16:39:42","guid":{"rendered":"https:\/\/pop-co.fr\/index.php\/product\/ghibli-jiji-dans-tasse-kiki-la-petite-sorciere-figurine-culbuto-7-6cm\/"},"modified":"2025-06-28T13:08:26","modified_gmt":"2025-06-28T11:08:26","slug":"ghibli-jiji-dans-tasse-kiki-la-petite-sorciere-figurine-culbuto-7-6cm","status":"publish","type":"product","link":"https:\/\/pop-co.fr\/index.php\/product\/ghibli-jiji-dans-tasse-kiki-la-petite-sorciere-figurine-culbuto-7-6cm\/","title":{"rendered":"GHIBLI &#8211; Jiji dans tasse (Kiki la petite sorci\u00e8re) &#8211; Figurine Culbuto 7.6cm"},"content":{"rendered":"<p>Plongez dans l&rsquo;univers magique de Kiki la Petite Sorci\u00e8re avec la Figurine Culbuto \u00ab\u00a0Jiji dans Tasse\u00a0\u00bb. Mesurant 7.6 cm, cette figurine adorable capture l&rsquo;esprit espi\u00e8gle du chat noir Jiji, compagnon fid\u00e8le de la jeune sorci\u00e8re Kiki.<\/p>\n<p>La Figurine \u00ab\u00a0Jiji dans Tasse\u00a0\u00bb pr\u00e9sente des d\u00e9tails soigneusement r\u00e9alis\u00e9s, des couleurs vives et une conception culbuto qui ajoute une touche ludique \u00e0 votre collection. Pos\u00e9e sur votre \u00e9tag\u00e8re ou votre bureau, elle apporte une note de magie et de charme \u00e0 votre espace.<\/p>\n<p>Que vous soyez un fan inconditionnel de Kiki la Petite Sorci\u00e8re ou que vous d\u00e9couvriez cet univers envo\u00fbtant, cette figurine Culbuto est un excellent moyen d&rsquo;exprimer votre amour pour ce classique anim\u00e9.<\/p>\n<p>Procurez-vous d\u00e8s maintenant la Figurine Culbuto \u00ab\u00a0Jiji dans Tasse\u00a0\u00bb et laissez la magie de Kiki la Petite Sorci\u00e8re \u00e9gayer votre espace. Que l&rsquo;esprit espi\u00e8gle de Jiji vous accompagne au quotidien !<\/p>\n","protected":false},"excerpt":{"rendered":"<p>Plongez dans l&rsquo;univers magique de Kiki la Petite Sorci\u00e8re avec la Figurine Culbuto \u00ab\u00a0Jiji dans Tasse\u00a0\u00bb. Mesurant 7.6 cm, cette figurine adorable capture l&rsquo;esprit espi\u00e8gle du chat noir Jiji, compagnon fid\u00e8le de la jeune sorci\u00e8re Kiki. La Figurine \u00ab\u00a0Jiji dans Tasse\u00a0\u00bb pr\u00e9sente des d\u00e9tails soigneusement r\u00e9alis\u00e9s, des couleurs vives et une conception culbuto qui ajoute [&hellip;]<\/p>\n","protected":false},"featured_media":148880,"comment_status":"open","ping_status":"closed","template":"","meta":[],"product_cat":[17,19],"product_tag":[],"aioseo_notices":[],"jetpack_sharing_enabled":true,"_links":{"self":[{"href":"https:\/\/pop-co.fr\/index.php\/wp-json\/wp\/v2\/product\/1434"}],"collection":[{"href":"https:\/\/pop-co.fr\/index.php\/wp-json\/wp\/v2\/product"}],"about":[{"href":"https:\/\/pop-co.fr\/index.php\/wp-json\/wp\/v2\/types\/product"}],"replies":[{"embeddable":true,"href":"https:\/\/pop-co.fr\/index.php\/wp-json\/wp\/v2\/comments?post=1434"}],"version-history":[{"count":0,"href":"https:\/\/pop-co.fr\/index.php\/wp-json\/wp\/v2\/product\/1434\/revisions"}],"wp:featuredmedia":[{"embeddable":true,"href":"https:\/\/pop-co.fr\/index.php\/wp-json\/wp\/v2\/media\/148880"}],"wp:attachment":[{"href":"https:\/\/pop-co.fr\/index.php\/wp-json\/wp\/v2\/media?parent=1434"}],"wp:term":[{"taxonomy":"product_cat","embeddable":true,"href":"https:\/\/pop-co.fr\/index.php\/wp-json\/wp\/v2\/product_cat?post=1434"},{"taxonomy":"product_tag","embeddable":true,"href":"https:\/\/pop-co.fr\/index.php\/wp-json\/wp\/v2\/product_tag?post=1434"}],"curies":[{"name":"wp","href":"https:\/\/api.w.org\/{rel}","templated":true}]}}