{"id":1440,"date":"2024-02-20T17:39:49","date_gmt":"2024-02-20T16:39:49","guid":{"rendered":"https:\/\/pop-co.fr\/index.php\/product\/chope-le-seigneur-des-anneaux-frodo\/"},"modified":"2025-07-29T11:23:57","modified_gmt":"2025-07-29T09:23:57","slug":"chope-le-seigneur-des-anneaux-frodo","status":"publish","type":"product","link":"https:\/\/pop-co.fr\/index.php\/product\/chope-le-seigneur-des-anneaux-frodo\/","title":{"rendered":"CHOPE &#8211; LE SEIGNEUR DES ANNEAUX &#8211; Frodo"},"content":{"rendered":"<p>Chope en r\u00e9sine 16cm<\/p>\n<p>La poign\u00e9e de cette chope est form\u00e9e par l&rsquo;\u00e9p\u00e9e courte Dard, que Bilbon Sacquet a transmise \u00e0 son cousin Frodon. Elle repr\u00e9sente la cape verte de Frodon, le devant de son blazer marron boutonn\u00e9 au-dessus de sa chemise blanc cass\u00e9 et l&rsquo;Anneau Unique suspendu \u00e0 une cha\u00eene autour de son cou. L&#8217;embl\u00e9matique feuille de Lorien est plac\u00e9e juste en dessous du bord sup\u00e9rieur et constitue la pi\u00e8ce centrale parfaite. Au verso, elle porte la citation \u00ab\u00a0M\u00eame la plus petite personne peut changer le cours de l&rsquo;avenir\u00a0\u00bb, entour\u00e9e de l&rsquo;inscription sur l&rsquo;Anneau Unique, qui se traduit par \u00ab\u00a0Un Anneau pour les gouverner tous\u00a0\u00bb. Cette pi\u00e8ce au design exquis est coul\u00e9e dans la plus fine r\u00e9sine \u00ab\u00a0elfique\u00a0\u00bb avant d&rsquo;\u00eatre peinte \u00e0 la main par des experts.<\/p>\n","protected":false},"excerpt":{"rendered":"<p>Chope en r\u00e9sine 16cm La poign\u00e9e de cette chope est form\u00e9e par l&rsquo;\u00e9p\u00e9e courte Dard, que Bilbon Sacquet a transmise \u00e0 son cousin Frodon. Elle repr\u00e9sente la cape verte de Frodon, le devant de son blazer marron boutonn\u00e9 au-dessus de sa chemise blanc cass\u00e9 et l&rsquo;Anneau Unique suspendu \u00e0 une cha\u00eene autour de son cou. [&hellip;]<\/p>\n","protected":false},"featured_media":356380,"comment_status":"open","ping_status":"closed","template":"","meta":[],"product_cat":[39],"product_tag":[],"aioseo_notices":[],"jetpack_sharing_enabled":true,"_links":{"self":[{"href":"https:\/\/pop-co.fr\/index.php\/wp-json\/wp\/v2\/product\/1440"}],"collection":[{"href":"https:\/\/pop-co.fr\/index.php\/wp-json\/wp\/v2\/product"}],"about":[{"href":"https:\/\/pop-co.fr\/index.php\/wp-json\/wp\/v2\/types\/product"}],"replies":[{"embeddable":true,"href":"https:\/\/pop-co.fr\/index.php\/wp-json\/wp\/v2\/comments?post=1440"}],"version-history":[{"count":0,"href":"https:\/\/pop-co.fr\/index.php\/wp-json\/wp\/v2\/product\/1440\/revisions"}],"wp:featuredmedia":[{"embeddable":true,"href":"https:\/\/pop-co.fr\/index.php\/wp-json\/wp\/v2\/media\/356380"}],"wp:attachment":[{"href":"https:\/\/pop-co.fr\/index.php\/wp-json\/wp\/v2\/media?parent=1440"}],"wp:term":[{"taxonomy":"product_cat","embeddable":true,"href":"https:\/\/pop-co.fr\/index.php\/wp-json\/wp\/v2\/product_cat?post=1440"},{"taxonomy":"product_tag","embeddable":true,"href":"https:\/\/pop-co.fr\/index.php\/wp-json\/wp\/v2\/product_tag?post=1440"}],"curies":[{"name":"wp","href":"https:\/\/api.w.org\/{rel}","templated":true}]}}