{"id":145522,"date":"2024-08-21T11:38:55","date_gmt":"2024-08-21T09:38:55","guid":{"rendered":"https:\/\/pop-co.fr\/index.php\/product\/theatre-de-papier-ghibli-le-voyage-de-chihiro\/"},"modified":"2025-07-29T12:02:24","modified_gmt":"2025-07-29T10:02:24","slug":"theatre-de-papier-ghibli-le-voyage-de-chihiro","status":"publish","type":"product","link":"https:\/\/pop-co.fr\/index.php\/product\/theatre-de-papier-ghibli-le-voyage-de-chihiro\/","title":{"rendered":"THEATRE DE PAPIER &#8211; GHIBLI &#8211; Le voyage de Chihiro"},"content":{"rendered":"<p>Plongez dans l&rsquo;univers magique du \u00ab\u00a0Voyage de Chihiro\u00a0\u00bb avec le magnifique th\u00e9\u00e2tre de papier \u00ab\u00a0Dieux d&rsquo;Aburaya\u00a0\u00bb.<\/p>\n<p>Le th\u00e9\u00e2tre de papier pr\u00e9sente une sc\u00e8ne d\u00e9taill\u00e9e de l&rsquo;int\u00e9rieur du luxueux bain public d&rsquo;Aburaya, o\u00f9 les dieux prennent leur repos. Avec ses couleurs vives et ses d\u00e9tails minutieux, ce th\u00e9\u00e2tre de papier \u00e9voque toute la magie et la beaut\u00e9 de l&rsquo;univers fantastique de Chihiro.<\/p>\n<p>Fabriqu\u00e9 avec du papier de haute qualit\u00e9, ce th\u00e9\u00e2tre de papier est non seulement magnifique \u00e0 regarder, mais aussi facile \u00e0 assembler. Une fois termin\u00e9, il cr\u00e9e une pi\u00e8ce ma\u00eetresse saisissante qui ajoutera une touche de magie et d&rsquo;\u00e9merveillement \u00e0 n&rsquo;importe quel espace.<\/p>\n","protected":false},"excerpt":{"rendered":"<p>Plongez dans l&rsquo;univers magique du \u00ab\u00a0Voyage de Chihiro\u00a0\u00bb avec le magnifique th\u00e9\u00e2tre de papier \u00ab\u00a0Dieux d&rsquo;Aburaya\u00a0\u00bb. Le th\u00e9\u00e2tre de papier pr\u00e9sente une sc\u00e8ne d\u00e9taill\u00e9e de l&rsquo;int\u00e9rieur du luxueux bain public d&rsquo;Aburaya, o\u00f9 les dieux prennent leur repos. Avec ses couleurs vives et ses d\u00e9tails minutieux, ce th\u00e9\u00e2tre de papier \u00e9voque toute la magie et la [&hellip;]<\/p>\n","protected":false},"featured_media":356647,"comment_status":"open","ping_status":"closed","template":"","meta":[],"product_cat":[17,19],"product_tag":[],"aioseo_notices":[],"jetpack_sharing_enabled":true,"_links":{"self":[{"href":"https:\/\/pop-co.fr\/index.php\/wp-json\/wp\/v2\/product\/145522"}],"collection":[{"href":"https:\/\/pop-co.fr\/index.php\/wp-json\/wp\/v2\/product"}],"about":[{"href":"https:\/\/pop-co.fr\/index.php\/wp-json\/wp\/v2\/types\/product"}],"replies":[{"embeddable":true,"href":"https:\/\/pop-co.fr\/index.php\/wp-json\/wp\/v2\/comments?post=145522"}],"version-history":[{"count":0,"href":"https:\/\/pop-co.fr\/index.php\/wp-json\/wp\/v2\/product\/145522\/revisions"}],"wp:featuredmedia":[{"embeddable":true,"href":"https:\/\/pop-co.fr\/index.php\/wp-json\/wp\/v2\/media\/356647"}],"wp:attachment":[{"href":"https:\/\/pop-co.fr\/index.php\/wp-json\/wp\/v2\/media?parent=145522"}],"wp:term":[{"taxonomy":"product_cat","embeddable":true,"href":"https:\/\/pop-co.fr\/index.php\/wp-json\/wp\/v2\/product_cat?post=145522"},{"taxonomy":"product_tag","embeddable":true,"href":"https:\/\/pop-co.fr\/index.php\/wp-json\/wp\/v2\/product_tag?post=145522"}],"curies":[{"name":"wp","href":"https:\/\/api.w.org\/{rel}","templated":true}]}}