{"id":14564,"date":"2024-02-20T22:31:11","date_gmt":"2024-02-20T21:31:11","guid":{"rendered":"https:\/\/pop-co.fr\/index.php\/product\/cadre-pokemon-pokeballs\/"},"modified":"2025-06-28T15:37:59","modified_gmt":"2025-06-28T13:37:59","slug":"cadre-pokemon-pokeballs","status":"publish","type":"product","link":"https:\/\/pop-co.fr\/index.php\/product\/cadre-pokemon-pokeballs\/","title":{"rendered":"CADRE &#8211; POKEMON &#8211; Pokeballs"},"content":{"rendered":"<p>Attrapez vos Pok\u00e9mons pr\u00e9f\u00e9r\u00e9s avec tous les mod\u00e8les de Pok\u00e9ball que vous retrouverez sur ce magnifique tirage encadr\u00e9 Pok\u00e9mon par GB Eye ! <\/p>\n<p>&#8211; Tirage sur papier photographique<br \/>\n&#8211; Dimensions : 30,5 x 40,6 cm<br \/>\n&#8211; Epaisseur du cadre : 25 mm<br \/>\n&#8211; Vitre en styr\u00e8ne tr\u00e8s solide<br \/>\n&#8211; Packaging : film plastique avec plastique de protection sur les coins<\/p>\n","protected":false},"excerpt":{"rendered":"<p>Attrapez vos Pok\u00e9mons pr\u00e9f\u00e9r\u00e9s avec tous les mod\u00e8les de Pok\u00e9ball que vous retrouverez sur ce magnifique tirage encadr\u00e9 Pok\u00e9mon par GB Eye ! &#8211; Tirage sur papier photographique &#8211; Dimensions : 30,5 x 40,6 cm &#8211; Epaisseur du cadre : 25 mm &#8211; Vitre en styr\u00e8ne tr\u00e8s solide &#8211; Packaging : film plastique avec plastique [&hellip;]<\/p>\n","protected":false},"featured_media":339657,"comment_status":"open","ping_status":"closed","template":"","meta":[],"product_cat":[76],"product_tag":[],"aioseo_notices":[],"jetpack_sharing_enabled":true,"_links":{"self":[{"href":"https:\/\/pop-co.fr\/index.php\/wp-json\/wp\/v2\/product\/14564"}],"collection":[{"href":"https:\/\/pop-co.fr\/index.php\/wp-json\/wp\/v2\/product"}],"about":[{"href":"https:\/\/pop-co.fr\/index.php\/wp-json\/wp\/v2\/types\/product"}],"replies":[{"embeddable":true,"href":"https:\/\/pop-co.fr\/index.php\/wp-json\/wp\/v2\/comments?post=14564"}],"version-history":[{"count":0,"href":"https:\/\/pop-co.fr\/index.php\/wp-json\/wp\/v2\/product\/14564\/revisions"}],"wp:featuredmedia":[{"embeddable":true,"href":"https:\/\/pop-co.fr\/index.php\/wp-json\/wp\/v2\/media\/339657"}],"wp:attachment":[{"href":"https:\/\/pop-co.fr\/index.php\/wp-json\/wp\/v2\/media?parent=14564"}],"wp:term":[{"taxonomy":"product_cat","embeddable":true,"href":"https:\/\/pop-co.fr\/index.php\/wp-json\/wp\/v2\/product_cat?post=14564"},{"taxonomy":"product_tag","embeddable":true,"href":"https:\/\/pop-co.fr\/index.php\/wp-json\/wp\/v2\/product_tag?post=14564"}],"curies":[{"name":"wp","href":"https:\/\/api.w.org\/{rel}","templated":true}]}}