{"id":14592,"date":"2024-02-20T22:31:42","date_gmt":"2024-02-20T21:31:42","guid":{"rendered":"https:\/\/pop-co.fr\/index.php\/product\/yuyu-hakusho-hiei-figurine-sfc-15cm\/"},"modified":"2025-07-29T10:15:15","modified_gmt":"2025-07-29T08:15:15","slug":"yuyu-hakusho-hiei-figurine-sfc-15cm","status":"publish","type":"product","link":"https:\/\/pop-co.fr\/index.php\/product\/yuyu-hakusho-hiei-figurine-sfc-15cm\/","title":{"rendered":"YUYU HAKUSHO &#8211; Hiei &#8211; Figurine SFC 15cm"},"content":{"rendered":"<p>Sans \u00eatre le plus d\u00e9monstratif de l\u2019\u00e9quipe de Yusuke, Hiei Jaganshi n\u2019en reste pas moins un alli\u00e9 sur qui l\u2019on peut compter. Gr\u00e2ce \u00e0 ses origines humaines mais aussi d\u00e9moniaques, Hiei pratique la technique du Dragon of the Darkness Flame sur cette nouvelle figurine ABYstyle Studio ! <\/p>\n<p>&#8211; Figurine en PVC de la gamme Super Figure Collection<br \/>\n&#8211; Socle assemblable avec les autres figurines Yu Yu Hakusho<br \/>\n&#8211; Hauteur 15 cm<br \/>\n&#8211; Echelle : 1\/10\u00e8me<\/p>\n","protected":false},"excerpt":{"rendered":"<p>Sans \u00eatre le plus d\u00e9monstratif de l\u2019\u00e9quipe de Yusuke, Hiei Jaganshi n\u2019en reste pas moins un alli\u00e9 sur qui l\u2019on peut compter. Gr\u00e2ce \u00e0 ses origines humaines mais aussi d\u00e9moniaques, Hiei pratique la technique du Dragon of the Darkness Flame sur cette nouvelle figurine ABYstyle Studio ! &#8211; Figurine en PVC de la gamme Super [&hellip;]<\/p>\n","protected":false},"featured_media":355441,"comment_status":"open","ping_status":"closed","template":"","meta":[],"product_cat":[17,18],"product_tag":[],"aioseo_notices":[],"jetpack_sharing_enabled":true,"_links":{"self":[{"href":"https:\/\/pop-co.fr\/index.php\/wp-json\/wp\/v2\/product\/14592"}],"collection":[{"href":"https:\/\/pop-co.fr\/index.php\/wp-json\/wp\/v2\/product"}],"about":[{"href":"https:\/\/pop-co.fr\/index.php\/wp-json\/wp\/v2\/types\/product"}],"replies":[{"embeddable":true,"href":"https:\/\/pop-co.fr\/index.php\/wp-json\/wp\/v2\/comments?post=14592"}],"version-history":[{"count":0,"href":"https:\/\/pop-co.fr\/index.php\/wp-json\/wp\/v2\/product\/14592\/revisions"}],"wp:featuredmedia":[{"embeddable":true,"href":"https:\/\/pop-co.fr\/index.php\/wp-json\/wp\/v2\/media\/355441"}],"wp:attachment":[{"href":"https:\/\/pop-co.fr\/index.php\/wp-json\/wp\/v2\/media?parent=14592"}],"wp:term":[{"taxonomy":"product_cat","embeddable":true,"href":"https:\/\/pop-co.fr\/index.php\/wp-json\/wp\/v2\/product_cat?post=14592"},{"taxonomy":"product_tag","embeddable":true,"href":"https:\/\/pop-co.fr\/index.php\/wp-json\/wp\/v2\/product_tag?post=14592"}],"curies":[{"name":"wp","href":"https:\/\/api.w.org\/{rel}","templated":true}]}}