{"id":146266,"date":"2024-08-23T14:20:50","date_gmt":"2024-08-23T12:20:50","guid":{"rendered":"https:\/\/pop-co.fr\/index.php\/product\/portefeuille-loungefly-mha-izuku-punch-2\/"},"modified":"2025-07-29T11:01:17","modified_gmt":"2025-07-29T09:01:17","slug":"portefeuille-loungefly-mha-izuku-punch-2","status":"publish","type":"product","link":"https:\/\/pop-co.fr\/index.php\/product\/portefeuille-loungefly-mha-izuku-punch-2\/","title":{"rendered":"PORTEFEUILLE LOUNGEFLY &#8211; MHA &#8211; Izuku Punch"},"content":{"rendered":"<p>Trouvez votre Alter et r\u00e9alisez votre r\u00eave de devenir un h\u00e9ros professionnel avec la collection My Hero Academia de Loungefly !<\/p>\n<p>N\u00e9 sans pouvoirs sp\u00e9ciaux dans un monde o\u00f9 80% de la population en poss\u00e8de, Izuku Midoriya r\u00eave toujours de devenir un h\u00e9ros. Une rencontre inattendue avec le h\u00e9ros l\u00e9gendaire All Might lui donne une chance de changer son destin, mais il doit d&rsquo;abord ma\u00eetriser sa nouvelle particularit\u00e9. <\/p>\n<p>Sur la face avant, le nom de la s\u00e9rie appara\u00eet en anglais et en japonais. Au-dessus, Izuku Midoriya prend une pose de combat. Au dos, le logo du lyc\u00e9e U.A. High School est imprim\u00e9 en relief et accompagn\u00e9 d&rsquo;un motif de fournitures scolaires. Dot\u00e9 de cinq fentes pour les cartes et d&rsquo;une fente transparente pour les papiers d&rsquo;identit\u00e9, ce portefeuille gardera vos effets personnels en s\u00e9curit\u00e9 lors de toutes vos missions.<\/p>\n<p>Caract\u00e9ristiques du produit :<\/p>\n<p>Faux cuir<br \/>\nApplique<br \/>\nD\u00e9tails imprim\u00e9s<\/p>\n","protected":false},"excerpt":{"rendered":"<p>Trouvez votre Alter et r\u00e9alisez votre r\u00eave de devenir un h\u00e9ros professionnel avec la collection My Hero Academia de Loungefly ! N\u00e9 sans pouvoirs sp\u00e9ciaux dans un monde o\u00f9 80% de la population en poss\u00e8de, Izuku Midoriya r\u00eave toujours de devenir un h\u00e9ros. Une rencontre inattendue avec le h\u00e9ros l\u00e9gendaire All Might lui donne une [&hellip;]<\/p>\n","protected":false},"featured_media":355908,"comment_status":"open","ping_status":"closed","template":"","meta":[],"product_cat":[47,48],"product_tag":[],"aioseo_notices":[],"jetpack_sharing_enabled":true,"_links":{"self":[{"href":"https:\/\/pop-co.fr\/index.php\/wp-json\/wp\/v2\/product\/146266"}],"collection":[{"href":"https:\/\/pop-co.fr\/index.php\/wp-json\/wp\/v2\/product"}],"about":[{"href":"https:\/\/pop-co.fr\/index.php\/wp-json\/wp\/v2\/types\/product"}],"replies":[{"embeddable":true,"href":"https:\/\/pop-co.fr\/index.php\/wp-json\/wp\/v2\/comments?post=146266"}],"version-history":[{"count":0,"href":"https:\/\/pop-co.fr\/index.php\/wp-json\/wp\/v2\/product\/146266\/revisions"}],"wp:featuredmedia":[{"embeddable":true,"href":"https:\/\/pop-co.fr\/index.php\/wp-json\/wp\/v2\/media\/355908"}],"wp:attachment":[{"href":"https:\/\/pop-co.fr\/index.php\/wp-json\/wp\/v2\/media?parent=146266"}],"wp:term":[{"taxonomy":"product_cat","embeddable":true,"href":"https:\/\/pop-co.fr\/index.php\/wp-json\/wp\/v2\/product_cat?post=146266"},{"taxonomy":"product_tag","embeddable":true,"href":"https:\/\/pop-co.fr\/index.php\/wp-json\/wp\/v2\/product_tag?post=146266"}],"curies":[{"name":"wp","href":"https:\/\/api.w.org\/{rel}","templated":true}]}}