{"id":146721,"date":"2024-08-24T14:26:58","date_gmt":"2024-08-24T12:26:58","guid":{"rendered":"https:\/\/pop-co.fr\/index.php\/product\/replique-retour-vers-le-futur-plaque-mineralogique-outatime\/"},"modified":"2025-06-28T12:26:39","modified_gmt":"2025-06-28T10:26:39","slug":"replique-retour-vers-le-futur-plaque-mineralogique-outatime","status":"publish","type":"product","link":"https:\/\/pop-co.fr\/index.php\/product\/replique-retour-vers-le-futur-plaque-mineralogique-outatime\/","title":{"rendered":"REPLIQUE &#8211; RETOUR VERS LE FUTUR &#8211; Plaque Min\u00e9ralogique Outatime"},"content":{"rendered":"<p>R\u00e9plique \u00e0 l\u00b4\u00e9chelle 1\/1 de la c\u00e9l\u00e8bre plaque min\u00e9ralogique \u00b4Outatime\u00b4 (out of time) de la DeLorean de Doc Brown dans le film \u00b4Retour Vers Le Futur\u00b4.<\/p>\n<p>Dimensions: 33 x 16 cm<\/p>\n","protected":false},"excerpt":{"rendered":"<p>R\u00e9plique \u00e0 l\u00b4\u00e9chelle 1\/1 de la c\u00e9l\u00e8bre plaque min\u00e9ralogique \u00b4Outatime\u00b4 (out of time) de la DeLorean de Doc Brown dans le film \u00b4Retour Vers Le Futur\u00b4. Dimensions: 33 x 16 cm<\/p>\n","protected":false},"featured_media":166382,"comment_status":"open","ping_status":"closed","template":"","meta":[],"product_cat":[39],"product_tag":[],"aioseo_notices":[],"jetpack_sharing_enabled":true,"_links":{"self":[{"href":"https:\/\/pop-co.fr\/index.php\/wp-json\/wp\/v2\/product\/146721"}],"collection":[{"href":"https:\/\/pop-co.fr\/index.php\/wp-json\/wp\/v2\/product"}],"about":[{"href":"https:\/\/pop-co.fr\/index.php\/wp-json\/wp\/v2\/types\/product"}],"replies":[{"embeddable":true,"href":"https:\/\/pop-co.fr\/index.php\/wp-json\/wp\/v2\/comments?post=146721"}],"version-history":[{"count":0,"href":"https:\/\/pop-co.fr\/index.php\/wp-json\/wp\/v2\/product\/146721\/revisions"}],"wp:featuredmedia":[{"embeddable":true,"href":"https:\/\/pop-co.fr\/index.php\/wp-json\/wp\/v2\/media\/166382"}],"wp:attachment":[{"href":"https:\/\/pop-co.fr\/index.php\/wp-json\/wp\/v2\/media?parent=146721"}],"wp:term":[{"taxonomy":"product_cat","embeddable":true,"href":"https:\/\/pop-co.fr\/index.php\/wp-json\/wp\/v2\/product_cat?post=146721"},{"taxonomy":"product_tag","embeddable":true,"href":"https:\/\/pop-co.fr\/index.php\/wp-json\/wp\/v2\/product_tag?post=146721"}],"curies":[{"name":"wp","href":"https:\/\/api.w.org\/{rel}","templated":true}]}}