{"id":14893,"date":"2024-02-20T22:38:04","date_gmt":"2024-02-20T21:38:04","guid":{"rendered":"https:\/\/pop-co.fr\/index.php\/product\/chibi-poster-fire-force-brigades-speciales\/"},"modified":"2025-06-28T15:41:25","modified_gmt":"2025-06-28T13:41:25","slug":"chibi-poster-fire-force-brigades-speciales","status":"publish","type":"product","link":"https:\/\/pop-co.fr\/index.php\/product\/chibi-poster-fire-force-brigades-speciales\/","title":{"rendered":"CHIBI POSTER &#8211; FIRE FORCE &#8211; Brigades Sp\u00e9ciales"},"content":{"rendered":"<p>Les brigades 1, 5, 7 et 8 unissent leurs forces pour combattre les torches humaines et d\u00e9couvrir la v\u00e9rit\u00e9 sur les origines de la combustion spontan\u00e9e sur ce poster Fire Force par GB Eye ! <\/p>\n<p>&#8211; Excellent grammage : 170g\/m\u00b2 et pelliculage brillant. Impression haute qualit\u00e9 en offset.<br \/>\n&#8211; Les posters mesurent 52&#215;38 cm, en format portrait ou paysage selon les mod\u00e8les.<\/p>\n","protected":false},"excerpt":{"rendered":"<p>Les brigades 1, 5, 7 et 8 unissent leurs forces pour combattre les torches humaines et d\u00e9couvrir la v\u00e9rit\u00e9 sur les origines de la combustion spontan\u00e9e sur ce poster Fire Force par GB Eye ! &#8211; Excellent grammage : 170g\/m\u00b2 et pelliculage brillant. Impression haute qualit\u00e9 en offset. &#8211; Les posters mesurent 52&#215;38 cm, en [&hellip;]<\/p>\n","protected":false},"featured_media":152627,"comment_status":"open","ping_status":"closed","template":"","meta":[],"product_cat":[76],"product_tag":[],"aioseo_notices":[],"jetpack_sharing_enabled":true,"_links":{"self":[{"href":"https:\/\/pop-co.fr\/index.php\/wp-json\/wp\/v2\/product\/14893"}],"collection":[{"href":"https:\/\/pop-co.fr\/index.php\/wp-json\/wp\/v2\/product"}],"about":[{"href":"https:\/\/pop-co.fr\/index.php\/wp-json\/wp\/v2\/types\/product"}],"replies":[{"embeddable":true,"href":"https:\/\/pop-co.fr\/index.php\/wp-json\/wp\/v2\/comments?post=14893"}],"version-history":[{"count":0,"href":"https:\/\/pop-co.fr\/index.php\/wp-json\/wp\/v2\/product\/14893\/revisions"}],"wp:featuredmedia":[{"embeddable":true,"href":"https:\/\/pop-co.fr\/index.php\/wp-json\/wp\/v2\/media\/152627"}],"wp:attachment":[{"href":"https:\/\/pop-co.fr\/index.php\/wp-json\/wp\/v2\/media?parent=14893"}],"wp:term":[{"taxonomy":"product_cat","embeddable":true,"href":"https:\/\/pop-co.fr\/index.php\/wp-json\/wp\/v2\/product_cat?post=14893"},{"taxonomy":"product_tag","embeddable":true,"href":"https:\/\/pop-co.fr\/index.php\/wp-json\/wp\/v2\/product_tag?post=14893"}],"curies":[{"name":"wp","href":"https:\/\/api.w.org\/{rel}","templated":true}]}}