{"id":14904,"date":"2024-02-20T22:39:00","date_gmt":"2024-02-20T21:39:00","guid":{"rendered":"https:\/\/pop-co.fr\/index.php\/product\/mug-carabiner-pokemon-pokeball\/"},"modified":"2025-07-29T10:14:46","modified_gmt":"2025-07-29T08:14:46","slug":"mug-carabiner-pokemon-pokeball","status":"publish","type":"product","link":"https:\/\/pop-co.fr\/index.php\/product\/mug-carabiner-pokemon-pokeball\/","title":{"rendered":"MUG CARABINER &#8211; POKEMON &#8211; Pokeball"},"content":{"rendered":"<p>Vous aussi, vous r\u00eaviez de capturer les 151 pok\u00e9mon ? Ne vous en faites plus : avec ce mug carabiner Pok\u00e9mon par ABYstyle, ce sera fait en un rien de temps ! <\/p>\n<p>&#8211; Mug en acier inoxydable de haute qualit\u00e9.<br \/>\n&#8211; Anse mousqueton<br \/>\n&#8211; Double paroi &#8211; Pour boissons chaudes et froides<br \/>\n&#8211; Contenance : 235 ml<br \/>\n&#8211; Packaging : bo\u00eete cartonn\u00e9e permettant de prot\u00e9ger le mug.<br \/>\n&#8211; Non compatible micro-ondes et lave-vaisselle.<\/p>\n","protected":false},"excerpt":{"rendered":"<p>Vous aussi, vous r\u00eaviez de capturer les 151 pok\u00e9mon ? Ne vous en faites plus : avec ce mug carabiner Pok\u00e9mon par ABYstyle, ce sera fait en un rien de temps ! &#8211; Mug en acier inoxydable de haute qualit\u00e9. &#8211; Anse mousqueton &#8211; Double paroi &#8211; Pour boissons chaudes et froides &#8211; Contenance : [&hellip;]<\/p>\n","protected":false},"featured_media":355433,"comment_status":"open","ping_status":"closed","template":"","meta":[],"product_cat":[34,20],"product_tag":[],"aioseo_notices":[],"jetpack_sharing_enabled":true,"_links":{"self":[{"href":"https:\/\/pop-co.fr\/index.php\/wp-json\/wp\/v2\/product\/14904"}],"collection":[{"href":"https:\/\/pop-co.fr\/index.php\/wp-json\/wp\/v2\/product"}],"about":[{"href":"https:\/\/pop-co.fr\/index.php\/wp-json\/wp\/v2\/types\/product"}],"replies":[{"embeddable":true,"href":"https:\/\/pop-co.fr\/index.php\/wp-json\/wp\/v2\/comments?post=14904"}],"version-history":[{"count":0,"href":"https:\/\/pop-co.fr\/index.php\/wp-json\/wp\/v2\/product\/14904\/revisions"}],"wp:featuredmedia":[{"embeddable":true,"href":"https:\/\/pop-co.fr\/index.php\/wp-json\/wp\/v2\/media\/355433"}],"wp:attachment":[{"href":"https:\/\/pop-co.fr\/index.php\/wp-json\/wp\/v2\/media?parent=14904"}],"wp:term":[{"taxonomy":"product_cat","embeddable":true,"href":"https:\/\/pop-co.fr\/index.php\/wp-json\/wp\/v2\/product_cat?post=14904"},{"taxonomy":"product_tag","embeddable":true,"href":"https:\/\/pop-co.fr\/index.php\/wp-json\/wp\/v2\/product_tag?post=14904"}],"curies":[{"name":"wp","href":"https:\/\/api.w.org\/{rel}","templated":true}]}}