{"id":14909,"date":"2024-02-20T22:39:06","date_gmt":"2024-02-20T21:39:06","guid":{"rendered":"https:\/\/pop-co.fr\/index.php\/product\/verre-xxl-pokemon-pikachu\/"},"modified":"2024-02-20T22:39:07","modified_gmt":"2024-02-20T21:39:07","slug":"verre-xxl-pokemon-pikachu","status":"publish","type":"product","link":"https:\/\/pop-co.fr\/index.php\/product\/verre-xxl-pokemon-pikachu\/","title":{"rendered":"VERRE XXL &#8211; POKEMON &#8211; Pikachu"},"content":{"rendered":"<p>Buvez votre boisson pr\u00e9f\u00e9r\u00e9e avec votre verre Pikachu par GB EYE ! Il vous fera au moins cela pour attraper tous les Pok\u00e9mons et devenir le champion de la ligue. <\/p>\n<p>&#8211; Mati\u00e8re : verre haute qualit\u00e9.<br \/>\n&#8211; Grande contenance (400 ml).<\/p>\n","protected":false},"excerpt":{"rendered":"<p>Buvez votre boisson pr\u00e9f\u00e9r\u00e9e avec votre verre Pikachu par GB EYE ! Il vous fera au moins cela pour attraper tous les Pok\u00e9mons et devenir le champion de la ligue. &#8211; Mati\u00e8re : verre haute qualit\u00e9. &#8211; Grande contenance (400 ml).<\/p>\n","protected":false},"featured_media":14908,"comment_status":"open","ping_status":"closed","template":"","meta":[],"product_cat":[34,20],"product_tag":[],"aioseo_notices":[],"jetpack_sharing_enabled":true,"_links":{"self":[{"href":"https:\/\/pop-co.fr\/index.php\/wp-json\/wp\/v2\/product\/14909"}],"collection":[{"href":"https:\/\/pop-co.fr\/index.php\/wp-json\/wp\/v2\/product"}],"about":[{"href":"https:\/\/pop-co.fr\/index.php\/wp-json\/wp\/v2\/types\/product"}],"replies":[{"embeddable":true,"href":"https:\/\/pop-co.fr\/index.php\/wp-json\/wp\/v2\/comments?post=14909"}],"version-history":[{"count":0,"href":"https:\/\/pop-co.fr\/index.php\/wp-json\/wp\/v2\/product\/14909\/revisions"}],"wp:featuredmedia":[{"embeddable":true,"href":"https:\/\/pop-co.fr\/index.php\/wp-json\/wp\/v2\/media\/14908"}],"wp:attachment":[{"href":"https:\/\/pop-co.fr\/index.php\/wp-json\/wp\/v2\/media?parent=14909"}],"wp:term":[{"taxonomy":"product_cat","embeddable":true,"href":"https:\/\/pop-co.fr\/index.php\/wp-json\/wp\/v2\/product_cat?post=14909"},{"taxonomy":"product_tag","embeddable":true,"href":"https:\/\/pop-co.fr\/index.php\/wp-json\/wp\/v2\/product_tag?post=14909"}],"curies":[{"name":"wp","href":"https:\/\/api.w.org\/{rel}","templated":true}]}}