{"id":14911,"date":"2024-02-20T22:39:09","date_gmt":"2024-02-20T21:39:09","guid":{"rendered":"https:\/\/pop-co.fr\/index.php\/product\/tableau-one-piece-straw-hat-crew\/"},"modified":"2025-06-28T15:42:39","modified_gmt":"2025-06-28T13:42:39","slug":"tableau-one-piece-straw-hat-crew","status":"publish","type":"product","link":"https:\/\/pop-co.fr\/index.php\/product\/tableau-one-piece-straw-hat-crew\/","title":{"rendered":"TABLEAU &#8211; ONE PIECE &#8211; Straw hat crew"},"content":{"rendered":"<p>Brook, Nico Robin, Usopp, Sanji, Luffy, Zoro, Chopper, Franky, Nami&#8230; Le compte est bon, l&rsquo;\u00e9quipage est au complet ! Admirez votre \u00e9quipage de pirates pr\u00e9f\u00e9r\u00e9 sur ce magnifique tirage encadr\u00e9 One Piece ! <\/p>\n<p>&#8211; Tirage sur papier photographique<br \/>\n&#8211; Dimensions : 30,5 x 40,6 cm<br \/>\n&#8211; Epaisseur du cadre : 25 mm<br \/>\n&#8211; Vitre en styr\u00e8ne tr\u00e8s solide<\/p>\n","protected":false},"excerpt":{"rendered":"<p>Brook, Nico Robin, Usopp, Sanji, Luffy, Zoro, Chopper, Franky, Nami&#8230; Le compte est bon, l&rsquo;\u00e9quipage est au complet ! Admirez votre \u00e9quipage de pirates pr\u00e9f\u00e9r\u00e9 sur ce magnifique tirage encadr\u00e9 One Piece ! &#8211; Tirage sur papier photographique &#8211; Dimensions : 30,5 x 40,6 cm &#8211; Epaisseur du cadre : 25 mm &#8211; Vitre en [&hellip;]<\/p>\n","protected":false},"featured_media":347725,"comment_status":"open","ping_status":"closed","template":"","meta":[],"product_cat":[76],"product_tag":[],"aioseo_notices":[],"jetpack_sharing_enabled":true,"_links":{"self":[{"href":"https:\/\/pop-co.fr\/index.php\/wp-json\/wp\/v2\/product\/14911"}],"collection":[{"href":"https:\/\/pop-co.fr\/index.php\/wp-json\/wp\/v2\/product"}],"about":[{"href":"https:\/\/pop-co.fr\/index.php\/wp-json\/wp\/v2\/types\/product"}],"replies":[{"embeddable":true,"href":"https:\/\/pop-co.fr\/index.php\/wp-json\/wp\/v2\/comments?post=14911"}],"version-history":[{"count":0,"href":"https:\/\/pop-co.fr\/index.php\/wp-json\/wp\/v2\/product\/14911\/revisions"}],"wp:featuredmedia":[{"embeddable":true,"href":"https:\/\/pop-co.fr\/index.php\/wp-json\/wp\/v2\/media\/347725"}],"wp:attachment":[{"href":"https:\/\/pop-co.fr\/index.php\/wp-json\/wp\/v2\/media?parent=14911"}],"wp:term":[{"taxonomy":"product_cat","embeddable":true,"href":"https:\/\/pop-co.fr\/index.php\/wp-json\/wp\/v2\/product_cat?post=14911"},{"taxonomy":"product_tag","embeddable":true,"href":"https:\/\/pop-co.fr\/index.php\/wp-json\/wp\/v2\/product_tag?post=14911"}],"curies":[{"name":"wp","href":"https:\/\/api.w.org\/{rel}","templated":true}]}}